{"id":51876,"date":"2026-02-17T10:25:38","date_gmt":"2026-02-17T08:25:38","guid":{"rendered":"https:\/\/atlassp.mp2dev.reea.net\/social-reponsability\/"},"modified":"2026-02-17T13:06:00","modified_gmt":"2026-02-17T11:06:00","slug":"social-reponsability","status":"publish","type":"page","link":"https:\/\/www.atlassport.ro\/en\/social-reponsability\/","title":{"rendered":"SOCIAL RESPONSABILITY"},"content":{"rendered":"\r\n<section id=\"hero-secondary-block_5ba490a6c283cff6fbd6581dca3ab52e\" class=\"block-hero-secondary block-hero-secondary--alternate-overlay align\">\r\n\t<div class=\"block-hero-secondary__bg\">\r\n\t\t\t\t\t<img\r\n\t\t\t\tsrc=\"https:\/\/www.atlassport.ro\/wp-content\/uploads\/2026\/02\/49089564_2181311672134602_6078791201144700928_o.jpg\"\r\n\t\t\t\talt=\"\"\r\n\t\t\t\tclass=\"block-hero-secondary__image\"\r\n\t\t\t\tfetchpriority=\"high\"\r\n\t\t\t\tloading=\"eager\"\r\n\t\t\t\twidth=\"1920\"\r\n\t\t\t\theight=\"1080\"\r\n\t\t\t\/>\r\n\t\t\t\t<div class=\"block-hero-secondary__overlay\"><\/div>\r\n\t\t<div class=\"container-xxxl\">\r\n\t\t\t<div class=\"row justify-content-center\">\r\n\t\t\t\t<div class=\"col-lg-10 col-xl-8 col-xxl-6\">\r\n\t\t\t\t\t<div class=\"block-hero-secondary__content text-center\">\r\n\t\t\t\t\t\t\r\n\t\t\t\t\t\t\t\t\t\t\t\t\t<h1 class=\"block-hero-secondary__title text-white\">\r\n\t\t\t\t\t\t\t\tSOCIAL RESPONSABILITY\t\t\t\t\t\t\t<\/h1>\r\n\t\t\t\t\t\t\r\n\t\t\t\t\t\t\t\t\t\t\t\t\t<div class=\"block-hero-secondary__description text-white-80\">\r\n\t\t\t\t\t\t\t\t<p>We believe that the state of our society is in part our responsibility. We are aware of the fact that if we desire a change for the better, this change must start with each of us. Our commitment is to give 10% of our anual profit for the building of a better society for those around, for us and for our children.  <\/p>\n\t\t\t\t\t\t\t<\/div>\r\n\t\t\t\t\t\t\t\t\t\t\t<\/div>\r\n\t\t\t\t<\/div>\r\n\t\t\t<\/div>\r\n\t\t<\/div>\r\n\t<\/div>\r\n<\/section>\r\n\r\n<section id=\"featured-card-block_6cec5a16ccb0e0a57080e4b244f74a7a\" class=\"block-featured-card align block-featured-card--light\">\r\n    <div class=\"container-xxxl\">\r\n        <div class=\"row justify-content-center\">\r\n            <div class=\"col-xl-10\">\r\n                <div class=\"block-featured-card__inner\">\r\n                                            <div class=\"block-featured-card__icon\">\r\n                            <img loading=\"lazy\" decoding=\"async\" src=\"https:\/\/www.atlassport.ro\/wp-content\/uploads\/2025\/12\/icon-users.svg\" alt=\"SOCIAL ACTIONS:\" width=\"80\" height=\"80\" title=\"\">\r\n                        <\/div>\r\n                    \r\n                                            <h3 class=\"block-featured-card__title\">\r\n                            SOCIAL ACTIONS:                        <\/h3>\r\n                    \r\n                                    <\/div>\r\n            <\/div>\r\n        <\/div>\r\n    <\/div>\r\n<\/section>\r\n\r\n<section id=\"content-custom-split-block_93b1d6565ae3bb9725087bfea40ff1c0\" class=\"block-content-custom-split align\" data-no-default-bg>\r\n  <div class=\"container-xxxl\">\r\n    <div class=\"row justify-content-around\">\r\n      <!-- Left Column -->\r\n      <div class=\"col-lg-5 block-content-custom-split__left\">\r\n        \r\n        \r\n                  <div class=\"block-content-custom-split__description\">\r\n            <h3>We support a Christian foundation in T\u00e2rgu Mure\u0219 on a monthly basis.<\/h3>\n<p>&nbsp;<\/p>\n<p><img loading=\"lazy\" decoding=\"async\" class=\"alignnone size-full wp-image-51821\" src=\"http:\/\/www.atlassport.ro\/wp-content\/uploads\/2026\/02\/2.png\" alt=\"\" width=\"960\" height=\"373\" title=\"\" srcset=\"https:\/\/www.atlassport.ro\/wp-content\/uploads\/2026\/02\/2.png 960w, https:\/\/www.atlassport.ro\/wp-content\/uploads\/2026\/02\/2-300x117.png 300w, https:\/\/www.atlassport.ro\/wp-content\/uploads\/2026\/02\/2-768x298.png 768w\" sizes=\"auto, (max-width: 960px) 100vw, 960px\" \/><\/p>\n<p>&nbsp;<\/p>\n<h3>We supported a school for children with special needs in Reghin:<\/h3>\n<p>We brought a smile of happiness through the Christmas packages we offered to the children.<\/p>\n<p><img loading=\"lazy\" decoding=\"async\" class=\"alignnone wp-image-51827 size-full\" src=\"http:\/\/www.atlassport.ro\/wp-content\/uploads\/2026\/02\/3.png\" alt=\"\" width=\"1307\" height=\"383\" title=\"\" srcset=\"https:\/\/www.atlassport.ro\/wp-content\/uploads\/2026\/02\/3.png 1307w, https:\/\/www.atlassport.ro\/wp-content\/uploads\/2026\/02\/3-300x88.png 300w, https:\/\/www.atlassport.ro\/wp-content\/uploads\/2026\/02\/3-1024x300.png 1024w, https:\/\/www.atlassport.ro\/wp-content\/uploads\/2026\/02\/3-768x225.png 768w\" sizes=\"auto, (max-width: 1307px) 100vw, 1307px\" \/><\/p>\n<h3><\/h3>\n<h3>December 2018<\/h3>\n<p>In December 2018, Atlas Sport distributed food packages to families in need (we sought recommendations to help the needy, not the wealthy). It was an extremely beautiful experience that humbled us. It is better to give than to receive.  <\/p>\n<div id='gallery-1' class='gallery galleryid-51876 gallery-columns-5 gallery-size-thumbnail'><figure class='gallery-item'>\n\t\t\t<div class='gallery-icon portrait'>\n\t\t\t\t<a href='https:\/\/www.atlassport.ro\/wp-content\/uploads\/2026\/02\/48388356_2181311692134600_549366019836084224_n.jpg'><img loading=\"lazy\" decoding=\"async\" width=\"150\" height=\"150\" src=\"https:\/\/www.atlassport.ro\/wp-content\/uploads\/2026\/02\/48388356_2181311692134600_549366019836084224_n-150x150.jpg\" class=\"attachment-thumbnail size-thumbnail\" alt=\"\" title=\"\"><\/a>\n\t\t\t<\/div><\/figure><figure class='gallery-item'>\n\t\t\t<div class='gallery-icon portrait'>\n\t\t\t\t<a href='https:\/\/www.atlassport.ro\/wp-content\/uploads\/2026\/02\/48363152_2181311698801266_2130174045033857024_n.jpg'><img loading=\"lazy\" decoding=\"async\" width=\"150\" height=\"150\" src=\"https:\/\/www.atlassport.ro\/wp-content\/uploads\/2026\/02\/48363152_2181311698801266_2130174045033857024_n-150x150.jpg\" class=\"attachment-thumbnail size-thumbnail\" alt=\"\" title=\"\"><\/a>\n\t\t\t<\/div><\/figure><figure class='gallery-item'>\n\t\t\t<div class='gallery-icon portrait'>\n\t\t\t\t<a href='https:\/\/www.atlassport.ro\/wp-content\/uploads\/2026\/02\/48987525_2181311665467936_8433447677613572096_n.jpg'><img loading=\"lazy\" decoding=\"async\" width=\"150\" height=\"150\" src=\"https:\/\/www.atlassport.ro\/wp-content\/uploads\/2026\/02\/48987525_2181311665467936_8433447677613572096_n-150x150.jpg\" class=\"attachment-thumbnail size-thumbnail\" alt=\"\" title=\"\"><\/a>\n\t\t\t<\/div><\/figure><figure class='gallery-item'>\n\t\t\t<div class='gallery-icon landscape'>\n\t\t\t\t<a href='https:\/\/www.atlassport.ro\/wp-content\/uploads\/2026\/02\/49089564_2181311672134602_6078791201144700928_o.jpg'><img loading=\"lazy\" decoding=\"async\" width=\"150\" height=\"150\" src=\"https:\/\/www.atlassport.ro\/wp-content\/uploads\/2026\/02\/49089564_2181311672134602_6078791201144700928_o-150x150.jpg\" class=\"attachment-thumbnail size-thumbnail\" alt=\"\" title=\"\"><\/a>\n\t\t\t<\/div><\/figure>\n\t\t<\/div>\n\n<h3><\/h3>\n<h3>December 2017<\/h3>\n<p>\u00cen luna decembrie 2017, personalul TESA din Atlas Sport s-a luat \u0219i a c\u0103utat cazuri umanitare \u0219i sociale. Am f\u0103cut mai multe pachete cu alimente, pe care ulterior le-am distribuit c\u0103tre aceste familii nevoia\u0219e de oameni serio\u0219i. A fost o experien\u021b\u0103 care ne-a smerit, ne-a f\u0103cut s\u0103 apreciem ce avem \u0219i pe oamenii din jur. Este ferice s\u0103 dai dec\u00e2t s\u0103 prime\u0219ti.   <\/p>\n<div id='gallery-2' class='gallery galleryid-51876 gallery-columns-5 gallery-size-thumbnail'><figure class='gallery-item'>\n\t\t\t<div class='gallery-icon landscape'>\n\t\t\t\t<a href='https:\/\/www.atlassport.ro\/wp-content\/uploads\/2026\/02\/WhatsApp-Image-2019-02-18-at-08.50.10-2.jpeg'><img loading=\"lazy\" decoding=\"async\" width=\"150\" height=\"150\" src=\"https:\/\/www.atlassport.ro\/wp-content\/uploads\/2026\/02\/WhatsApp-Image-2019-02-18-at-08.50.10-2-150x150.jpeg\" class=\"attachment-thumbnail size-thumbnail\" alt=\"\" title=\"\"><\/a>\n\t\t\t<\/div><\/figure><figure class='gallery-item'>\n\t\t\t<div class='gallery-icon landscape'>\n\t\t\t\t<a href='https:\/\/www.atlassport.ro\/wp-content\/uploads\/2026\/02\/WhatsApp-Image-2019-02-18-at-08.50.10-1.jpeg'><img loading=\"lazy\" decoding=\"async\" width=\"150\" height=\"150\" src=\"https:\/\/www.atlassport.ro\/wp-content\/uploads\/2026\/02\/WhatsApp-Image-2019-02-18-at-08.50.10-1-150x150.jpeg\" class=\"attachment-thumbnail size-thumbnail\" alt=\"\" title=\"\"><\/a>\n\t\t\t<\/div><\/figure><figure class='gallery-item'>\n\t\t\t<div class='gallery-icon landscape'>\n\t\t\t\t<a href='https:\/\/www.atlassport.ro\/wp-content\/uploads\/2026\/02\/WhatsApp-Image-2019-02-18-at-08.50.10.jpeg'><img loading=\"lazy\" decoding=\"async\" width=\"150\" height=\"150\" src=\"https:\/\/www.atlassport.ro\/wp-content\/uploads\/2026\/02\/WhatsApp-Image-2019-02-18-at-08.50.10-150x150.jpeg\" class=\"attachment-thumbnail size-thumbnail\" alt=\"\" title=\"\"><\/a>\n\t\t\t<\/div><\/figure><figure class='gallery-item'>\n\t\t\t<div class='gallery-icon landscape'>\n\t\t\t\t<a href='https:\/\/www.atlassport.ro\/wp-content\/uploads\/2026\/02\/WhatsApp-Image-2019-02-18-at-08.50.10-3.jpeg'><img loading=\"lazy\" decoding=\"async\" width=\"150\" height=\"150\" src=\"https:\/\/www.atlassport.ro\/wp-content\/uploads\/2026\/02\/WhatsApp-Image-2019-02-18-at-08.50.10-3-150x150.jpeg\" class=\"attachment-thumbnail size-thumbnail\" alt=\"\" title=\"\"><\/a>\n\t\t\t<\/div><\/figure><figure class='gallery-item'>\n\t\t\t<div class='gallery-icon landscape'>\n\t\t\t\t<a href='https:\/\/www.atlassport.ro\/wp-content\/uploads\/2026\/02\/WhatsApp-Image-2019-02-18-at-08.50.11.jpeg'><img loading=\"lazy\" decoding=\"async\" width=\"150\" height=\"150\" src=\"https:\/\/www.atlassport.ro\/wp-content\/uploads\/2026\/02\/WhatsApp-Image-2019-02-18-at-08.50.11-150x150.jpeg\" class=\"attachment-thumbnail size-thumbnail\" alt=\"\" title=\"\"><\/a>\n\t\t\t<\/div><\/figure>\n\t\t<\/div>\n\n<h3><\/h3>\n<h3>December 2015<\/h3>\n<p>In December 2017, the administrative staff (TESA) of Atlas Sport set out to identify humanitarian and social cases. We prepared several food packages, which we then distributed to these needy and respectable families.<br \/>It was a humbling experience that made us appreciate what we have and the people around us. It is more blessed to give than to receive.   <\/p>\n<div id='gallery-3' class='gallery galleryid-51876 gallery-columns-5 gallery-size-thumbnail'><figure class='gallery-item'>\n\t\t\t<div class='gallery-icon landscape'>\n\t\t\t\t<a href='https:\/\/www.atlassport.ro\/wp-content\/uploads\/2026\/02\/2015-12-29-12.08.50.jpg'><img loading=\"lazy\" decoding=\"async\" width=\"150\" height=\"150\" src=\"https:\/\/www.atlassport.ro\/wp-content\/uploads\/2026\/02\/2015-12-29-12.08.50-150x150.jpg\" class=\"attachment-thumbnail size-thumbnail\" alt=\"\" title=\"\"><\/a>\n\t\t\t<\/div><\/figure><figure class='gallery-item'>\n\t\t\t<div class='gallery-icon landscape'>\n\t\t\t\t<a href='https:\/\/www.atlassport.ro\/wp-content\/uploads\/2026\/02\/2015-12-29-12.08.51.jpg'><img loading=\"lazy\" decoding=\"async\" width=\"150\" height=\"150\" src=\"https:\/\/www.atlassport.ro\/wp-content\/uploads\/2026\/02\/2015-12-29-12.08.51-150x150.jpg\" class=\"attachment-thumbnail size-thumbnail\" alt=\"\" title=\"\"><\/a>\n\t\t\t<\/div><\/figure><figure class='gallery-item'>\n\t\t\t<div class='gallery-icon landscape'>\n\t\t\t\t<a href='https:\/\/www.atlassport.ro\/wp-content\/uploads\/2026\/02\/2015-12-29-13.44.31.jpg'><img loading=\"lazy\" decoding=\"async\" width=\"150\" height=\"150\" src=\"https:\/\/www.atlassport.ro\/wp-content\/uploads\/2026\/02\/2015-12-29-13.44.31-150x150.jpg\" class=\"attachment-thumbnail size-thumbnail\" alt=\"\" title=\"\"><\/a>\n\t\t\t<\/div><\/figure><figure class='gallery-item'>\n\t\t\t<div class='gallery-icon landscape'>\n\t\t\t\t<a href='https:\/\/www.atlassport.ro\/wp-content\/uploads\/2026\/02\/2015-12-29-13.45.19.jpg'><img loading=\"lazy\" decoding=\"async\" width=\"150\" height=\"150\" src=\"https:\/\/www.atlassport.ro\/wp-content\/uploads\/2026\/02\/2015-12-29-13.45.19-150x150.jpg\" class=\"attachment-thumbnail size-thumbnail\" alt=\"\" title=\"\"><\/a>\n\t\t\t<\/div><\/figure><figure class='gallery-item'>\n\t\t\t<div class='gallery-icon landscape'>\n\t\t\t\t<a href='https:\/\/www.atlassport.ro\/wp-content\/uploads\/2026\/02\/2015-12-29-13.49.41.jpg'><img loading=\"lazy\" decoding=\"async\" width=\"150\" height=\"150\" src=\"https:\/\/www.atlassport.ro\/wp-content\/uploads\/2026\/02\/2015-12-29-13.49.41-150x150.jpg\" class=\"attachment-thumbnail size-thumbnail\" alt=\"\" title=\"\"><\/a>\n\t\t\t<\/div><\/figure><figure class='gallery-item'>\n\t\t\t<div class='gallery-icon landscape'>\n\t\t\t\t<a href='https:\/\/www.atlassport.ro\/wp-content\/uploads\/2026\/02\/2015-12-29-13.53.50.jpg'><img loading=\"lazy\" decoding=\"async\" width=\"150\" height=\"150\" src=\"https:\/\/www.atlassport.ro\/wp-content\/uploads\/2026\/02\/2015-12-29-13.53.50-150x150.jpg\" class=\"attachment-thumbnail size-thumbnail\" alt=\"\" title=\"\"><\/a>\n\t\t\t<\/div><\/figure><figure class='gallery-item'>\n\t\t\t<div class='gallery-icon landscape'>\n\t\t\t\t<a href='https:\/\/www.atlassport.ro\/wp-content\/uploads\/2026\/02\/2015-12-29-14.01.06.jpg'><img loading=\"lazy\" decoding=\"async\" width=\"150\" height=\"150\" src=\"https:\/\/www.atlassport.ro\/wp-content\/uploads\/2026\/02\/2015-12-29-14.01.06-150x150.jpg\" class=\"attachment-thumbnail size-thumbnail\" alt=\"\" title=\"\"><\/a>\n\t\t\t<\/div><\/figure><figure class='gallery-item'>\n\t\t\t<div class='gallery-icon landscape'>\n\t\t\t\t<a href='https:\/\/www.atlassport.ro\/wp-content\/uploads\/2026\/02\/2015-12-29-14.13.01.jpg'><img loading=\"lazy\" decoding=\"async\" width=\"150\" height=\"150\" src=\"https:\/\/www.atlassport.ro\/wp-content\/uploads\/2026\/02\/2015-12-29-14.13.01-150x150.jpg\" class=\"attachment-thumbnail size-thumbnail\" alt=\"\" title=\"\"><\/a>\n\t\t\t<\/div><\/figure><figure class='gallery-item'>\n\t\t\t<div class='gallery-icon landscape'>\n\t\t\t\t<a href='https:\/\/www.atlassport.ro\/wp-content\/uploads\/2026\/02\/2015-12-29-14.13.28.jpg'><img loading=\"lazy\" decoding=\"async\" width=\"150\" height=\"150\" src=\"https:\/\/www.atlassport.ro\/wp-content\/uploads\/2026\/02\/2015-12-29-14.13.28-150x150.jpg\" class=\"attachment-thumbnail size-thumbnail\" alt=\"\" title=\"\"><\/a>\n\t\t\t<\/div><\/figure><figure class='gallery-item'>\n\t\t\t<div class='gallery-icon landscape'>\n\t\t\t\t<a href='https:\/\/www.atlassport.ro\/wp-content\/uploads\/2026\/02\/2015-12-29-14.34.28.jpg'><img loading=\"lazy\" decoding=\"async\" width=\"150\" height=\"150\" src=\"https:\/\/www.atlassport.ro\/wp-content\/uploads\/2026\/02\/2015-12-29-14.34.28-150x150.jpg\" class=\"attachment-thumbnail size-thumbnail\" alt=\"\" title=\"\"><\/a>\n\t\t\t<\/div><\/figure><figure class='gallery-item'>\n\t\t\t<div class='gallery-icon landscape'>\n\t\t\t\t<a href='https:\/\/www.atlassport.ro\/wp-content\/uploads\/2026\/02\/2015-12-29-14.54.07.jpg'><img loading=\"lazy\" decoding=\"async\" width=\"150\" height=\"150\" src=\"https:\/\/www.atlassport.ro\/wp-content\/uploads\/2026\/02\/2015-12-29-14.54.07-150x150.jpg\" class=\"attachment-thumbnail size-thumbnail\" alt=\"\" title=\"\"><\/a>\n\t\t\t<\/div><\/figure>\n\t\t<\/div>\n\n<p>&nbsp;<\/p>\n          <\/div>\r\n        \r\n              <\/div>\r\n\r\n      <!-- Right Column -->\r\n      <div class=\"col-lg-5 block-content-custom-split__right\">\r\n        \r\n        <!-- Bottom Content -->\r\n        <div class=\"block-content-custom-split__bottom-content\">\r\n          \r\n          \r\n                      <div class=\"block-content-custom-split__bottom-description\">\r\n              <h3>Sus\u021binem copii din Africa \u0219i Asia<\/h3>\n<p>An African community of at least 5000 adults and 2000 children will now benefit from water supply. It was an honor for Atlas Sport to contribute to their joy! Yes, we do care!<\/p>\n<p><img loading=\"lazy\" decoding=\"async\" class=\"alignnone size-full wp-image-51813\" src=\"http:\/\/www.atlassport.ro\/wp-content\/uploads\/2026\/02\/Picture1.jpg\" alt=\"\" width=\"856\" height=\"369\" title=\"\" srcset=\"https:\/\/www.atlassport.ro\/wp-content\/uploads\/2026\/02\/Picture1.jpg 856w, https:\/\/www.atlassport.ro\/wp-content\/uploads\/2026\/02\/Picture1-300x129.jpg 300w, https:\/\/www.atlassport.ro\/wp-content\/uploads\/2026\/02\/Picture1-768x331.jpg 768w\" sizes=\"auto, (max-width: 856px) 100vw, 856px\" \/><\/p>\n<p>&nbsp;<\/p>\n<h3>We support communities in Africa!<\/h3>\n<p>An African community of at least 5000 adults and 2000 children will now benefit from water supply. It was an honor for Atlas Sport to contribute to their joy! Yes, we do care! <\/p>\n<p>Yes, we care!<\/p>\n<div id='gallery-4' class='gallery galleryid-51876 gallery-columns-5 gallery-size-thumbnail'><figure class='gallery-item'>\n\t\t\t<div class='gallery-icon landscape'>\n\t\t\t\t<a href='https:\/\/www.atlassport.ro\/wp-content\/uploads\/2026\/02\/africa14.jpg'><img loading=\"lazy\" decoding=\"async\" width=\"150\" height=\"150\" src=\"https:\/\/www.atlassport.ro\/wp-content\/uploads\/2026\/02\/africa14-150x150.jpg\" class=\"attachment-thumbnail size-thumbnail\" alt=\"\" title=\"\"><\/a>\n\t\t\t<\/div><\/figure><figure class='gallery-item'>\n\t\t\t<div class='gallery-icon portrait'>\n\t\t\t\t<a href='https:\/\/www.atlassport.ro\/wp-content\/uploads\/2026\/02\/africa12.jpg'><img loading=\"lazy\" decoding=\"async\" width=\"150\" height=\"150\" src=\"https:\/\/www.atlassport.ro\/wp-content\/uploads\/2026\/02\/africa12-150x150.jpg\" class=\"attachment-thumbnail size-thumbnail\" alt=\"\" title=\"\"><\/a>\n\t\t\t<\/div><\/figure><figure class='gallery-item'>\n\t\t\t<div class='gallery-icon landscape'>\n\t\t\t\t<a href='https:\/\/www.atlassport.ro\/wp-content\/uploads\/2026\/02\/africa11.jpg'><img loading=\"lazy\" decoding=\"async\" width=\"150\" height=\"150\" src=\"https:\/\/www.atlassport.ro\/wp-content\/uploads\/2026\/02\/africa11-150x150.jpg\" class=\"attachment-thumbnail size-thumbnail\" alt=\"\" title=\"\"><\/a>\n\t\t\t<\/div><\/figure><figure class='gallery-item'>\n\t\t\t<div class='gallery-icon landscape'>\n\t\t\t\t<a href='https:\/\/www.atlassport.ro\/wp-content\/uploads\/2026\/02\/africa10.jpg'><img loading=\"lazy\" decoding=\"async\" width=\"150\" height=\"150\" src=\"https:\/\/www.atlassport.ro\/wp-content\/uploads\/2026\/02\/africa10-150x150.jpg\" class=\"attachment-thumbnail size-thumbnail\" alt=\"\" title=\"\"><\/a>\n\t\t\t<\/div><\/figure><figure class='gallery-item'>\n\t\t\t<div class='gallery-icon landscape'>\n\t\t\t\t<a href='https:\/\/www.atlassport.ro\/wp-content\/uploads\/2026\/02\/africa8.jpg'><img loading=\"lazy\" decoding=\"async\" width=\"150\" height=\"150\" src=\"https:\/\/www.atlassport.ro\/wp-content\/uploads\/2026\/02\/africa8-150x150.jpg\" class=\"attachment-thumbnail size-thumbnail\" alt=\"\" title=\"\"><\/a>\n\t\t\t<\/div><\/figure><figure class='gallery-item'>\n\t\t\t<div class='gallery-icon landscape'>\n\t\t\t\t<a href='https:\/\/www.atlassport.ro\/wp-content\/uploads\/2026\/02\/africa7.jpg'><img loading=\"lazy\" decoding=\"async\" width=\"150\" height=\"150\" src=\"https:\/\/www.atlassport.ro\/wp-content\/uploads\/2026\/02\/africa7-150x150.jpg\" class=\"attachment-thumbnail size-thumbnail\" alt=\"\" title=\"\"><\/a>\n\t\t\t<\/div><\/figure><figure class='gallery-item'>\n\t\t\t<div class='gallery-icon landscape'>\n\t\t\t\t<a href='https:\/\/www.atlassport.ro\/wp-content\/uploads\/2026\/02\/africa6.jpg'><img loading=\"lazy\" decoding=\"async\" width=\"150\" height=\"150\" src=\"https:\/\/www.atlassport.ro\/wp-content\/uploads\/2026\/02\/africa6-150x150.jpg\" class=\"attachment-thumbnail size-thumbnail\" alt=\"\" title=\"\"><\/a>\n\t\t\t<\/div><\/figure><figure class='gallery-item'>\n\t\t\t<div class='gallery-icon landscape'>\n\t\t\t\t<a href='https:\/\/www.atlassport.ro\/wp-content\/uploads\/2026\/02\/africa5.jpg'><img loading=\"lazy\" decoding=\"async\" width=\"150\" height=\"150\" src=\"https:\/\/www.atlassport.ro\/wp-content\/uploads\/2026\/02\/africa5-150x150.jpg\" class=\"attachment-thumbnail size-thumbnail\" alt=\"\" title=\"\"><\/a>\n\t\t\t<\/div><\/figure><figure class='gallery-item'>\n\t\t\t<div class='gallery-icon landscape'>\n\t\t\t\t<a href='https:\/\/www.atlassport.ro\/wp-content\/uploads\/2026\/02\/africa4.jpg'><img loading=\"lazy\" decoding=\"async\" width=\"150\" height=\"150\" src=\"https:\/\/www.atlassport.ro\/wp-content\/uploads\/2026\/02\/africa4-150x150.jpg\" class=\"attachment-thumbnail size-thumbnail\" alt=\"\" title=\"\"><\/a>\n\t\t\t<\/div><\/figure><figure class='gallery-item'>\n\t\t\t<div class='gallery-icon portrait'>\n\t\t\t\t<a href='https:\/\/www.atlassport.ro\/wp-content\/uploads\/2026\/02\/africa3.jpg'><img loading=\"lazy\" decoding=\"async\" width=\"150\" height=\"150\" src=\"https:\/\/www.atlassport.ro\/wp-content\/uploads\/2026\/02\/africa3-150x150.jpg\" class=\"attachment-thumbnail size-thumbnail\" alt=\"\" title=\"\"><\/a>\n\t\t\t<\/div><\/figure><figure class='gallery-item'>\n\t\t\t<div class='gallery-icon landscape'>\n\t\t\t\t<a href='https:\/\/www.atlassport.ro\/wp-content\/uploads\/2026\/02\/africa-1.jpg'><img loading=\"lazy\" decoding=\"async\" width=\"150\" height=\"150\" src=\"https:\/\/www.atlassport.ro\/wp-content\/uploads\/2026\/02\/africa-1-150x150.jpg\" class=\"attachment-thumbnail size-thumbnail\" alt=\"\" title=\"\"><\/a>\n\t\t\t<\/div><\/figure><figure class='gallery-item'>\n\t\t\t<div class='gallery-icon landscape'>\n\t\t\t\t<a href='https:\/\/www.atlassport.ro\/wp-content\/uploads\/2026\/02\/africa15.jpg'><img loading=\"lazy\" decoding=\"async\" width=\"150\" height=\"150\" src=\"https:\/\/www.atlassport.ro\/wp-content\/uploads\/2026\/02\/africa15-150x150.jpg\" class=\"attachment-thumbnail size-thumbnail\" alt=\"\" title=\"\"><\/a>\n\t\t\t<\/div><\/figure>\n\t\t<\/div>\n\n<h3>Ajut\u0103m o \u0219coal\u0103 din India:<\/h3>\n<p>We support a school in India:  <\/p>\n<div id='gallery-5' class='gallery galleryid-51876 gallery-columns-5 gallery-size-thumbnail'><figure class='gallery-item'>\n\t\t\t<div class='gallery-icon landscape'>\n\t\t\t\t<a href='https:\/\/www.atlassport.ro\/wp-content\/uploads\/2026\/02\/6.png'><img loading=\"lazy\" decoding=\"async\" width=\"150\" height=\"150\" src=\"https:\/\/www.atlassport.ro\/wp-content\/uploads\/2026\/02\/6-150x150.png\" class=\"attachment-thumbnail size-thumbnail\" alt=\"\" title=\"\"><\/a>\n\t\t\t<\/div><\/figure><figure class='gallery-item'>\n\t\t\t<div class='gallery-icon portrait'>\n\t\t\t\t<a href='https:\/\/www.atlassport.ro\/wp-content\/uploads\/2026\/02\/4.png'><img loading=\"lazy\" decoding=\"async\" width=\"150\" height=\"150\" src=\"https:\/\/www.atlassport.ro\/wp-content\/uploads\/2026\/02\/4-150x150.png\" class=\"attachment-thumbnail size-thumbnail\" alt=\"\" title=\"\"><\/a>\n\t\t\t<\/div><\/figure><figure class='gallery-item'>\n\t\t\t<div class='gallery-icon landscape'>\n\t\t\t\t<a href='https:\/\/www.atlassport.ro\/wp-content\/uploads\/2026\/02\/1.png'><img loading=\"lazy\" decoding=\"async\" width=\"150\" height=\"150\" src=\"https:\/\/www.atlassport.ro\/wp-content\/uploads\/2026\/02\/1-150x150.png\" class=\"attachment-thumbnail size-thumbnail\" alt=\"\" title=\"\"><\/a>\n\t\t\t<\/div><\/figure><figure class='gallery-item'>\n\t\t\t<div class='gallery-icon landscape'>\n\t\t\t\t<a href='https:\/\/www.atlassport.ro\/wp-content\/uploads\/2026\/02\/WhatsApp-Image-2019-02-18-at-08.52.22.jpeg'><img loading=\"lazy\" decoding=\"async\" width=\"150\" height=\"150\" src=\"https:\/\/www.atlassport.ro\/wp-content\/uploads\/2026\/02\/WhatsApp-Image-2019-02-18-at-08.52.22-150x150.jpeg\" class=\"attachment-thumbnail size-thumbnail\" alt=\"\" title=\"\"><\/a>\n\t\t\t<\/div><\/figure>\n\t\t<\/div>\n\n            <\/div>\r\n                  <\/div>\r\n      <\/div>\r\n    <\/div>\r\n  <\/div>\r\n<\/section>","protected":false},"excerpt":{"rendered":"<p> [&#8230;]<\/p>\n<p><a class=\"btn btn-secondary understrap-read-more-link\" href=\"https:\/\/www.atlassport.ro\/en\/social-reponsability\/\">Read More&#8230;<span class=\"screen-reader-text\"> from SOCIAL RESPONSABILITY<\/span><\/a><\/p>\n","protected":false},"author":1,"featured_media":0,"parent":0,"menu_order":5,"comment_status":"closed","ping_status":"closed","template":"page-templates\/empty.php","meta":{"_acf_changed":false,"inline_featured_image":false,"footnotes":""},"service":[],"class_list":["post-51876","page","type-page","status-publish","hentry"],"acf":[],"_links":{"self":[{"href":"https:\/\/www.atlassport.ro\/en\/wp-json\/wp\/v2\/pages\/51876","targetHints":{"allow":["GET"]}}],"collection":[{"href":"https:\/\/www.atlassport.ro\/en\/wp-json\/wp\/v2\/pages"}],"about":[{"href":"https:\/\/www.atlassport.ro\/en\/wp-json\/wp\/v2\/types\/page"}],"author":[{"embeddable":true,"href":"https:\/\/www.atlassport.ro\/en\/wp-json\/wp\/v2\/users\/1"}],"replies":[{"embeddable":true,"href":"https:\/\/www.atlassport.ro\/en\/wp-json\/wp\/v2\/comments?post=51876"}],"version-history":[{"count":1,"href":"https:\/\/www.atlassport.ro\/en\/wp-json\/wp\/v2\/pages\/51876\/revisions"}],"predecessor-version":[{"id":51916,"href":"https:\/\/www.atlassport.ro\/en\/wp-json\/wp\/v2\/pages\/51876\/revisions\/51916"}],"wp:attachment":[{"href":"https:\/\/www.atlassport.ro\/en\/wp-json\/wp\/v2\/media?parent=51876"}],"wp:term":[{"taxonomy":"service","embeddable":true,"href":"https:\/\/www.atlassport.ro\/en\/wp-json\/wp\/v2\/service?post=51876"}],"curies":[{"name":"wp","href":"https:\/\/api.w.org\/{rel}","templated":true}]}}