{"id":50207,"date":"2026-02-11T13:36:21","date_gmt":"2026-02-11T11:36:21","guid":{"rendered":"https:\/\/atlassp.mp2dev.reea.net\/koszonjuk\/"},"modified":"2026-02-12T12:42:23","modified_gmt":"2026-02-12T10:42:23","slug":"koszonjuk","status":"publish","type":"page","link":"https:\/\/www.atlassport.ro\/hu\/koszonjuk\/","title":{"rendered":"K\u00f6sz\u00f6nj\u00fck a kapcsolatfelv\u00e9telt."},"content":{"rendered":"\r\n<section id=\"configurator-preview-block_575f172ab714ce736e768dc9c3329b9b\" class=\"block-configurator-preview align\" data-no-default-bg>\r\n\t<div class=\"container-xxxl\">\r\n\t\t<div class=\"row align-items-center\">\r\n\t\t\t<!-- Content Column -->\r\n\t\t\t<div class=\"col-lg-5 order-lg-1 order-1\">\r\n\t\t\t\t<div class=\"block-configurator-preview__content\">\r\n\t\t\t\t\t\t\t\t\t\t\t<h2 class=\"block-configurator-preview__title text-atlas-primary\">\r\n\t\t\t\t\t\t\tK\u00f6sz\u00f6nj\u00fck\t\t\t\t\t\t<\/h2>\r\n\t\t\t\t\t\r\n\t\t\t\t\t\t\t\t\t\t\t<div class=\"block-configurator-preview__description\">\r\n\t\t\t\t\t\t<p>K\u00f6sz\u00f6nj\u00fck az elk\u00fcld\u00f6tt \u00fczenet\u00e9t, fontos sz\u00e1munkra. A lehet\u0151 legr\u00f6videbb id\u0151n bel\u00fcl felvessz\u00fck \u00d6nnel a kapcsolatot. <\/p>\n<div class=\"responsive-iframe-wrapper\"><iframe loading=\"lazy\" class=\"entered litespeed-loaded\" title=\"YouTube vide\u00f3lej\u00e1tsz\u00f3\" src=\"https:\/\/www.youtube.com\/embed\/Qe2H8pDr1YY\" width=\"560\" height=\"315\" frameborder=\"0\" allowfullscreen=\"allowfullscreen\" data-lazyloaded=\"1\" data-src=\"https:\/\/www.youtube.com\/embed\/Qe2H8pDr1YY\" data-ll-status=\"loaded\"><\/iframe><\/div>\n\t\t\t\t\t\t<\/div>\r\n\t\t\t\t\t\r\n\t\t\t\t\t\t\t\t\t\t\t<div class=\"block-configurator-preview__cta\">\r\n\t\t\t\t\t\t\t<a class=\"btn default btn-atlas-primary\" href=\"https:\/\/www.atlassport.ro\/hu\/kapcsolat\/\" role=\"button\">Vissza<\/a>\t\t\t\t\t\t<\/div>\r\n\t\t\t\t\t\t\t\t\t<\/div>\r\n\t\t\t<\/div>\r\n\r\n\t\t\t<!-- Images Column -->\r\n\t\t\t<div class=\"col-lg-7 order-lg-2 order-2 mt-5\">\r\n\t\t\t\t<div class=\"block-configurator-preview__images\">\r\n\t\t\t\t\t\t\t\t\t\t\t<div class=\"block-configurator-preview__image-base\">\r\n\t\t\t\t\t\t\t<img loading=\"lazy\" decoding=\"async\" width=\"1091\" height=\"552\" src=\"https:\/\/www.atlassport.ro\/wp-content\/uploads\/2025\/11\/field-1.png\" class=\"img-fluid\" alt=\"K\u00f6sz\u00f6nj\u00fck\" srcset=\"https:\/\/www.atlassport.ro\/wp-content\/uploads\/2025\/11\/field-1.png 1091w, https:\/\/www.atlassport.ro\/wp-content\/uploads\/2025\/11\/field-1-300x152.png 300w, https:\/\/www.atlassport.ro\/wp-content\/uploads\/2025\/11\/field-1-768x389.png 768w, https:\/\/www.atlassport.ro\/wp-content\/uploads\/2025\/11\/field-1-1024x518.png 1024w\" sizes=\"auto, (max-width: 1091px) 100vw, 1091px\" title=\"\">\t\t\t\t\t\t<\/div>\r\n\t\t\t\t\t\r\n\t\t\t\t\t\t\t\t\t\t\t<div class=\"block-configurator-preview__image-top\">\r\n\t\t\t\t\t\t\t<img loading=\"lazy\" decoding=\"async\" width=\"1091\" height=\"552\" src=\"https:\/\/www.atlassport.ro\/wp-content\/uploads\/2025\/11\/field-lights-1.png\" class=\"img-fluid\" alt=\"Top layer\" srcset=\"https:\/\/www.atlassport.ro\/wp-content\/uploads\/2025\/11\/field-lights-1.png 1091w, https:\/\/www.atlassport.ro\/wp-content\/uploads\/2025\/11\/field-lights-1-300x152.png 300w, https:\/\/www.atlassport.ro\/wp-content\/uploads\/2025\/11\/field-lights-1-768x389.png 768w, https:\/\/www.atlassport.ro\/wp-content\/uploads\/2025\/11\/field-lights-1-1024x518.png 1024w\" sizes=\"auto, (max-width: 1091px) 100vw, 1091px\" title=\"\">\t\t\t\t\t\t<\/div>\r\n\t\t\t\t\t\r\n\t\t\t\t\t\t\t\t\t\t\t<div class=\"block-configurator-preview__image-middle\">\r\n\t\t\t\t\t\t\t<img loading=\"lazy\" decoding=\"async\" width=\"1091\" height=\"552\" src=\"https:\/\/www.atlassport.ro\/wp-content\/uploads\/2025\/11\/field_default-mid.png\" class=\"img-fluid\" alt=\"Middle layer\" srcset=\"https:\/\/www.atlassport.ro\/wp-content\/uploads\/2025\/11\/field_default-mid.png 1091w, https:\/\/www.atlassport.ro\/wp-content\/uploads\/2025\/11\/field_default-mid-300x152.png 300w, https:\/\/www.atlassport.ro\/wp-content\/uploads\/2025\/11\/field_default-mid-768x389.png 768w, https:\/\/www.atlassport.ro\/wp-content\/uploads\/2025\/11\/field_default-mid-1024x518.png 1024w\" sizes=\"auto, (max-width: 1091px) 100vw, 1091px\" title=\"\">\t\t\t\t\t\t<\/div>\r\n\t\t\t\t\t\r\n\t\t\t\t\t\t\t\t\t\t\t<div class=\"block-configurator-preview__image-bottom\">\r\n\t\t\t\t\t\t\t<img loading=\"lazy\" decoding=\"async\" width=\"1091\" height=\"552\" src=\"https:\/\/www.atlassport.ro\/wp-content\/uploads\/2025\/11\/field-track-1.png\" class=\"img-fluid\" alt=\"Bottom layer\" srcset=\"https:\/\/www.atlassport.ro\/wp-content\/uploads\/2025\/11\/field-track-1.png 1091w, https:\/\/www.atlassport.ro\/wp-content\/uploads\/2025\/11\/field-track-1-300x152.png 300w, https:\/\/www.atlassport.ro\/wp-content\/uploads\/2025\/11\/field-track-1-768x389.png 768w, https:\/\/www.atlassport.ro\/wp-content\/uploads\/2025\/11\/field-track-1-1024x518.png 1024w\" sizes=\"auto, (max-width: 1091px) 100vw, 1091px\" title=\"\">\t\t\t\t\t\t<\/div>\r\n\t\t\t\t\t\t\t\t\t<\/div>\r\n\t\t\t<\/div>\r\n\t\t<\/div>\r\n\t<\/div>\r\n<\/section>\r\n","protected":false},"excerpt":{"rendered":"<p> [&#8230;]<\/p>\n<p><a class=\"btn btn-secondary understrap-read-more-link\" href=\"https:\/\/www.atlassport.ro\/hu\/koszonjuk\/\">Read More&#8230;<span class=\"screen-reader-text\"> from K\u00f6sz\u00f6nj\u00fck a kapcsolatfelv\u00e9telt.<\/span><\/a><\/p>\n","protected":false},"author":1,"featured_media":0,"parent":0,"menu_order":43,"comment_status":"closed","ping_status":"closed","template":"page-templates\/empty.php","meta":{"_acf_changed":false,"inline_featured_image":false,"footnotes":""},"service":[],"class_list":["post-50207","page","type-page","status-publish","hentry"],"acf":[],"_links":{"self":[{"href":"https:\/\/www.atlassport.ro\/hu\/wp-json\/wp\/v2\/pages\/50207","targetHints":{"allow":["GET"]}}],"collection":[{"href":"https:\/\/www.atlassport.ro\/hu\/wp-json\/wp\/v2\/pages"}],"about":[{"href":"https:\/\/www.atlassport.ro\/hu\/wp-json\/wp\/v2\/types\/page"}],"author":[{"embeddable":true,"href":"https:\/\/www.atlassport.ro\/hu\/wp-json\/wp\/v2\/users\/1"}],"replies":[{"embeddable":true,"href":"https:\/\/www.atlassport.ro\/hu\/wp-json\/wp\/v2\/comments?post=50207"}],"version-history":[{"count":3,"href":"https:\/\/www.atlassport.ro\/hu\/wp-json\/wp\/v2\/pages\/50207\/revisions"}],"predecessor-version":[{"id":50495,"href":"https:\/\/www.atlassport.ro\/hu\/wp-json\/wp\/v2\/pages\/50207\/revisions\/50495"}],"wp:attachment":[{"href":"https:\/\/www.atlassport.ro\/hu\/wp-json\/wp\/v2\/media?parent=50207"}],"wp:term":[{"taxonomy":"service","embeddable":true,"href":"https:\/\/www.atlassport.ro\/hu\/wp-json\/wp\/v2\/service?post=50207"}],"curies":[{"name":"wp","href":"https:\/\/api.w.org\/{rel}","templated":true}]}}