{"id":51757,"date":"2026-02-13T15:29:15","date_gmt":"2026-02-13T13:29:15","guid":{"rendered":"https:\/\/atlassp.mp2dev.reea.net\/karrier\/"},"modified":"2026-02-13T16:11:13","modified_gmt":"2026-02-13T14:11:13","slug":"karrier","status":"publish","type":"page","link":"https:\/\/www.atlassport.ro\/hu\/karrier\/","title":{"rendered":"Karrier"},"content":{"rendered":"\r\n<section id=\"hero-secondary-block_a5f32e0ec807057ff8db2a61bb72efa0\" class=\"block-hero-secondary block-hero-secondary--alternate-overlay align\">\r\n\t<div class=\"block-hero-secondary__bg\">\r\n\t\t\t\t\t<img\r\n\t\t\t\tsrc=\"https:\/\/www.atlassport.ro\/wp-content\/uploads\/2026\/01\/NGS09737-1-scaled.jpg\"\r\n\t\t\t\talt=\"\"\r\n\t\t\t\tclass=\"block-hero-secondary__image\"\r\n\t\t\t\tfetchpriority=\"high\"\r\n\t\t\t\tloading=\"eager\"\r\n\t\t\t\twidth=\"1920\"\r\n\t\t\t\theight=\"1080\"\r\n\t\t\t\/>\r\n\t\t\t\t<div class=\"block-hero-secondary__overlay\"><\/div>\r\n\t\t<div class=\"container-xxxl\">\r\n\t\t\t<div class=\"row justify-content-center\">\r\n\t\t\t\t<div class=\"col-lg-10 col-xl-8 col-xxl-6\">\r\n\t\t\t\t\t<div class=\"block-hero-secondary__content text-center\">\r\n\t\t\t\t\t\t\r\n\t\t\t\t\t\t\t\t\t\t\t\t\t<h1 class=\"block-hero-secondary__title text-white\">\r\n\t\t\t\t\t\t\t\tCsatlakozzon egy cs\u00facskateg\u00f3ri\u00e1s csapathoz!\t\t\t\t\t\t\t<\/h1>\r\n\t\t\t\t\t\t\r\n\t\t\t\t\t\t\t\t\t\t\t\t\t<div class=\"block-hero-secondary__description text-white-80\">\r\n\t\t\t\t\t\t\t\t<p>Fiatal csapat vagyunk, amely a kiv\u00e1l\u00f3s\u00e1got \u00e9s az integrit\u00e1st t\u0171zte ki c\u00e9lul a k\u00f6z\u00f6ss\u00e9g jav\u00e1\u00e9rt.<\/p>\n\t\t\t\t\t\t\t<\/div>\r\n\t\t\t\t\t\t\t\t\t\t\t<\/div>\r\n\t\t\t\t<\/div>\r\n\t\t\t<\/div>\r\n\t\t<\/div>\r\n\t<\/div>\r\n<\/section>\r\n\r\n<section id=\"card-list-block_d740b1b784784b1e0ab985a8af372f7c\" class=\"block-card-list align\">\r\n\t<div class=\"container-xxxl\">\r\n\t\t<!-- Header -->\r\n\t\t<div class=\"row justify-content-center\">\r\n\t\t\t<div class=\"col-lg-8\">\r\n\t\t\t\t<div class=\"block-card-list__header text-center\">\r\n\t\t\t\t\t\t\t\t\t\t\t<h2 class=\"block-card-list__title\">\r\n\t\t\t\t\t\t\tV\u00e1lasszon karriert az Atlas Sportn\u00e1l\t\t\t\t\t\t<\/h2>\r\n\t\t\t\t\t\r\n\t\t\t\t\t\t\t\t\t\t\t<p class=\"block-card-list__description\">\r\n\t\t\t\t\t\t\tSzenved\u00e9ly\u00fcnk az eg\u00e9szs\u00e9ges \u00e9letm\u00f3d sport \u00e1ltali \u00f6szt\u00f6nz\u00e9se, a legjobb sportl\u00e9tes\u00edtm\u00e9nyek \u00e9s gyermekj\u00e1tsz\u00f3terek meg\u00e9p\u00edt\u00e9s\u00e9vel.\r\nK\u00fcldet\u00e9s\u00fcnk, hogy Rom\u00e1ni\u00e1ban az 1. sz\u00e1m\u00fa MEGOLD\u00c1ST jelents\u00fck minden olyan \u00fcgyf\u00e9l sz\u00e1m\u00e1ra, akinek sportinfrastrukt\u00fara-projektre van sz\u00fcks\u00e9ge.\r\nC\u00e9lunk, hogy el\u00e9gedett \u00fcgyfeleket l\u00e1ssunk, \u00e9s hogy a helyi k\u00f6z\u00f6ss\u00e9gek \u00f6r\u00f6m\u00fcket lelj\u00e9k munk\u00e1nk eredm\u00e9ny\u00e9ben.\t\t\t\t\t\t<\/p>\r\n\t\t\t\t\t\t\t\t\t<\/div>\r\n\t\t\t<\/div>\r\n\t\t<\/div>\r\n\r\n\t\t<!-- Cards Grid -->\r\n\t\t\t\t\t<div class=\"row justify-content-center\">\r\n\t\t\t\t<div class=\"col-xl-10\">\r\n\t\t\t\t\t<div class=\"block-card-list__grid\">\r\n\t\t\t\t\t\t\t\t\t\t\t\t\t<div class=\"block-card-list__card\">\r\n\t\t\t\t\t\t\t\t\t\t\t\t\t\t\t\t\t<h3 class=\"block-card-list__card-title\">\r\n\t\t\t\t\t\t\t\t\t\tNagy hat\u00e1s\u00fa projektek\t\t\t\t\t\t\t\t\t<\/h3>\r\n\t\t\t\t\t\t\t\t\r\n\t\t\t\t\t\t\t\t\t\t\t\t\t\t\t\t\t<p class=\"block-card-list__card-description\">\r\n\t\t\t\t\t\t\t\t\t\tEgyedi projekteket val\u00f3s\u00edtunk meg belf\u00f6ld\u00f6n \u00e9s nemzetk\u00f6zi szinten is.\t\t\t\t\t\t\t\t\t<\/p>\r\n\t\t\t\t\t\t\t\t\t\t\t\t\t\t\t<\/div>\r\n\t\t\t\t\t\t\t\t\t\t\t\t\t<div class=\"block-card-list__card\">\r\n\t\t\t\t\t\t\t\t\t\t\t\t\t\t\t\t\t<h3 class=\"block-card-list__card-title\">\r\n\t\t\t\t\t\t\t\t\t\tKiemelked\u0151 csapat\t\t\t\t\t\t\t\t\t<\/h3>\r\n\t\t\t\t\t\t\t\t\r\n\t\t\t\t\t\t\t\t\t\t\t\t\t\t\t\t\t<p class=\"block-card-list__card-description\">\r\n\t\t\t\t\t\t\t\t\t\tFiatalok \u00e9s motiv\u00e1ltak vagyunk, hogy a projektek sikeresek legyenek.\t\t\t\t\t\t\t\t\t<\/p>\r\n\t\t\t\t\t\t\t\t\t\t\t\t\t\t\t<\/div>\r\n\t\t\t\t\t\t\t\t\t\t\t\t\t<div class=\"block-card-list__card\">\r\n\t\t\t\t\t\t\t\t\t\t\t\t\t\t\t\t\t<h3 class=\"block-card-list__card-title\">\r\n\t\t\t\t\t\t\t\t\t\tRugalmas munkarend\t\t\t\t\t\t\t\t\t<\/h3>\r\n\t\t\t\t\t\t\t\t\r\n\t\t\t\t\t\t\t\t\t\t\t\t\t\t\t\t\t<p class=\"block-card-list__card-description\">\r\n\t\t\t\t\t\t\t\t\t\tNyitottak vagyunk a munkarend \u00e9s az egy\u00fcttm\u0171k\u00f6d\u00e9s form\u00e1j\u00e1nak egyeztet\u00e9s\u00e9re.\t\t\t\t\t\t\t\t\t<\/p>\r\n\t\t\t\t\t\t\t\t\t\t\t\t\t\t\t<\/div>\r\n\t\t\t\t\t\t\t\t\t\t\t\t\t<div class=\"block-card-list__card\">\r\n\t\t\t\t\t\t\t\t\t\t\t\t\t\t\t\t\t<h3 class=\"block-card-list__card-title\">\r\n\t\t\t\t\t\t\t\t\t\tCsapat\u00e9p\u00edt\u0151k\t\t\t\t\t\t\t\t\t<\/h3>\r\n\t\t\t\t\t\t\t\t\r\n\t\t\t\t\t\t\t\t\t\t\t\t\t\t\t\t\t<p class=\"block-card-list__card-description\">\r\n\t\t\t\t\t\t\t\t\t\t\u00c9ves csapat\u00e9p\u00edt\u0151k belf\u00f6ld\u00f6n \u00e9s k\u00fclf\u00f6ld\u00f6n (Budapest, B\u00e9cs, R\u00f3ma \u2013 eddig).\t\t\t\t\t\t\t\t\t<\/p>\r\n\t\t\t\t\t\t\t\t\t\t\t\t\t\t\t<\/div>\r\n\t\t\t\t\t\t\t\t\t\t\t\t\t<div class=\"block-card-list__card\">\r\n\t\t\t\t\t\t\t\t\t\t\t\t\t\t\t\t\t<h3 class=\"block-card-list__card-title\">\r\n\t\t\t\t\t\t\t\t\t\tNemzetk\u00f6zi v\u00e1s\u00e1rok\t\t\t\t\t\t\t\t\t<\/h3>\r\n\t\t\t\t\t\t\t\t\r\n\t\t\t\t\t\t\t\t\t\t\t\t\t\t\t\t\t<p class=\"block-card-list__card-description\">\r\n\t\t\t\t\t\t\t\t\t\tR\u00e9szt vesz\u00fcnk a legfontosabb nemzetk\u00f6zi v\u00e1s\u00e1rokon, l\u00e1togat\u00f3k\u00e9nt \u00e9s ki\u00e1ll\u00edt\u00f3k\u00e9nt egyar\u00e1nt.\t\t\t\t\t\t\t\t\t<\/p>\r\n\t\t\t\t\t\t\t\t\t\t\t\t\t\t\t<\/div>\r\n\t\t\t\t\t\t\t\t\t\t\t\t\t<div class=\"block-card-list__card\">\r\n\t\t\t\t\t\t\t\t\t\t\t\t\t\t\t\t\t<h3 class=\"block-card-list__card-title\">\r\n\t\t\t\t\t\t\t\t\t\tTr\u00e9ningek\t\t\t\t\t\t\t\t\t<\/h3>\r\n\t\t\t\t\t\t\t\t\r\n\t\t\t\t\t\t\t\t\t\t\t\t\t\t\t\t\t<p class=\"block-card-list__card-description\">\r\n\t\t\t\t\t\t\t\t\t\tSzerepk\u00f6rh\u00f6z kapcsol\u00f3d\u00f3 betan\u00edt\u00e1st \u00e9s tr\u00e9ningeket biztos\u00edtunk, valamint hozz\u00e1f\u00e9r\u00e9st a bels\u0151 k\u00f6nyvt\u00e1rhoz.\t\t\t\t\t\t\t\t\t<\/p>\r\n\t\t\t\t\t\t\t\t\t\t\t\t\t\t\t<\/div>\r\n\t\t\t\t\t\t\t\t\t\t\t<\/div>\r\n\t\t\t\t<\/div>\r\n\t\t\t<\/div>\r\n\t\t\t<\/div>\r\n<\/section>\r\n\r\n<section id=\"image-content-block_f02061f40a12ae68dda08b5ea2551283\" class=\"block-image-content pt-0 align\">\r\n\t<div class=\"container-xxxl\">\r\n\t\t<div class=\"row align-items-start g-4\">\r\n\t\t\t<!-- Image column: col-lg-6 -->\r\n\t\t\t<div class=\"col-lg-6\">\r\n\t\t\t\t\t\t\t\t\t<div class=\"block-image-content__image-wrapper\">\r\n\t\t\t\t\t\t<div class=\"block-image-content__image\">\r\n\t\t\t\t\t\t\t<img loading=\"lazy\" decoding=\"async\" width=\"640\" height=\"360\" src=\"https:\/\/www.atlassport.ro\/wp-content\/uploads\/2026\/02\/maxresdefault-1024x576.jpg\" class=\"img-fluid\" alt=\"\" srcset=\"https:\/\/www.atlassport.ro\/wp-content\/uploads\/2026\/02\/maxresdefault-1024x576.jpg 1024w, https:\/\/www.atlassport.ro\/wp-content\/uploads\/2026\/02\/maxresdefault-300x169.jpg 300w, https:\/\/www.atlassport.ro\/wp-content\/uploads\/2026\/02\/maxresdefault-768x432.jpg 768w, https:\/\/www.atlassport.ro\/wp-content\/uploads\/2026\/02\/maxresdefault.jpg 1280w\" sizes=\"auto, (max-width: 640px) 100vw, 640px\" title=\"\">\t\t\t\t\t\t<\/div>\r\n\t\t\t\t\t\t\t\t\t\t\t\t\t<div class=\"block-image-content__play-overlay\"\r\n\t\t\t\t\t\t\t\tdata-bs-toggle=\"modal\"\r\n\t\t\t\t\t\t\t\tdata-bs-target=\"#video-modal-image-content-block_f02061f40a12ae68dda08b5ea2551283\">\r\n\t\t\t\t\t\t\t\t<img decoding=\"async\" class=\"block-image-content__play-icon\" src=\"https:\/\/www.atlassport.ro\/wp-content\/themes\/atlassport\/images\/play-icon.svg\" alt=\"Lej\u00e1tsz\u00e1s\" title=\"\">\r\n\t\t\t\t\t\t\t<\/div>\r\n\t\t\t\t\t\t\t\t\t\t\t<\/div>\r\n\t\t\t\t\t\t\t<\/div>\r\n\r\n\t\t\t<!-- Content column: col-lg-6 -->\r\n\t\t\t<div class=\"col-lg-6\">\r\n\t\t\t\t<div class=\"block-image-content__content\">\r\n\t\t\t\t\t\t\t\t\t\t\t<div class=\"block-image-content__subtitle text-atlas-secondary\">\r\n\t\t\t\t\t\t\tMinden nap jobb\u00e1 tessz\u00fck t\u00edzezrek \u00e9let\u00e9t!\t\t\t\t\t\t<\/div>\r\n\t\t\t\t\t\r\n\t\t\t\t\t\t\t\t\t\t\t<h2 class=\"block-image-content__title text-atlas-primary\">\r\n\t\t\t\t\t\t\tEl\u00e9rhet\u0151 poz\u00edci\u00f3k a csapatban:\t\t\t\t\t\t<\/h2>\r\n\t\t\t\t\t\r\n\t\t\t\t\t\t\t\t\t\t\t<div class=\"block-image-content__text\">\r\n\t\t\t\t\t\t\t<p>&#8211; \u00c9rt\u00e9kes\u00edt\u00e9si munkat\u00e1rs<br \/>\n&#8211; \u00c9p\u00edt\u0151m\u00e9rn\u00f6k \/ \u00e9p\u00edt\u00e9svezet\u0151<br \/>\n&#8211; \u00c9p\u00edt\u0151m\u00e9rn\u00f6k \u2013 irodai poz\u00edci\u00f3, Marosv\u00e1s\u00e1rhely<\/p>\n\t\t\t\t\t\t<\/div>\r\n\t\t\t\t\t\t\t\t\t<\/div>\r\n\t\t\t<\/div>\r\n\t\t<\/div>\r\n\t<\/div>\r\n<\/section>\r\n\r\n  <!-- Video Modal -->\r\n  <div class=\"block-image-content__modal modal fade\" id=\"video-modal-image-content-block_f02061f40a12ae68dda08b5ea2551283\" tabindex=\"-1\" aria-labelledby=\"video-modal-label-image-content-block_f02061f40a12ae68dda08b5ea2551283\">\r\n    <div class=\"modal-dialog modal-dialog-centered modal-xl\">\r\n      <div class=\"modal-content\">\r\n        <div class=\"modal-header\">\r\n          <h5 class=\"modal-title\" id=\"video-modal-label-image-content-block_f02061f40a12ae68dda08b5ea2551283\">\r\n            El\u00e9rhet\u0151 poz\u00edci\u00f3k a csapatban:          <\/h5>\r\n          <button type=\"button\" class=\"btn-close\" data-bs-dismiss=\"modal\" aria-label=\"Bez\u00e1r\u00e1s\"><\/button>\r\n        <\/div>\r\n        <div class=\"modal-body\">\r\n          <div class=\"ratio ratio-16x9\">\r\n            <iframe\r\n              class=\"image-content-video-player\"\r\n              src=\"\"\r\n              frameborder=\"0\"\r\n              allow=\"accelerometer; autoplay; clipboard-write; encrypted-media; gyroscope; picture-in-picture\"\r\n              allowfullscreen><\/iframe>\r\n          <\/div>\r\n        <\/div>\r\n      <\/div>\r\n    <\/div>\r\n  <\/div>\r\n\r\n  <script>\r\n    (function() {\r\n      'use strict';\r\n\r\n      document.addEventListener('DOMContentLoaded', function() {\r\n        const modal = document.getElementById('video-modal-image-content-block_f02061f40a12ae68dda08b5ea2551283');\r\n\r\n        if (modal) {\r\n          const iframe = modal.querySelector('.image-content-video-player');\r\n          const videoId = 'klNU376AOTk';\r\n\r\n          \/\/ Handle modal show\r\n          modal.addEventListener('show.bs.modal', function() {\r\n            if (videoId && iframe) {\r\n              iframe.setAttribute('src', 'https:\/\/www.youtube.com\/embed\/' + videoId + '?autoplay=1&rel=0');\r\n            }\r\n          });\r\n\r\n          \/\/ Stop video when modal closes\r\n          modal.addEventListener('hidden.bs.modal', function() {\r\n            if (iframe) {\r\n              iframe.setAttribute('src', '');\r\n            }\r\n          });\r\n        }\r\n      });\r\n    })();\r\n  <\/script>\r\n\n<div style=\"height:60px\" aria-hidden=\"true\" class=\"wp-block-spacer\"><\/div>\n\r\n<section id=\"cta-banner-block_845ac354f3e72fa714e3f6ec63ff4d90\" class=\"block-cta-banner align\">\r\n  <div class=\"container-xxxl\">\r\n    <div class=\"row justify-content-center\">\r\n      <div class=\"col-xl-6\">\r\n        <div class=\"block-cta-banner__content\">\r\n\r\n                      <h2 class=\"block-cta-banner__title\">\r\n              K\u00e9szen \u00e1ll csatlakozni az Atlas Sport csapat\u00e1hoz?            <\/h2>\r\n          \r\n                      <div class=\"block-cta-banner__description\">\r\n              <p>Jelentkezzen, \u00e9s \u00e9p\u00edtsen vel\u00fcnk olyan projekteket, amelyek a sporton kereszt\u00fcl form\u00e1lj\u00e1k a k\u00f6z\u00f6ss\u00e9geket. Nagy hat\u00e1s\u00fa projekteket, val\u00f3s fejl\u0151d\u00e9si lehet\u0151s\u00e9geket, szakosodott tr\u00e9ningeket \u00e9s rugalmas munkak\u00f6rnyezetet k\u00edn\u00e1lunk egy fiatal, motiv\u00e1lt csapatban. Az Atlas Sportn\u00e1l az \u00d6n hozz\u00e1j\u00e1rul\u00e1sa nap mint nap t\u00edzezrek \u00e9let\u00e9ben jelent val\u00f3di v\u00e1ltoz\u00e1st.  <\/p>\n            <\/div>\r\n          \r\n          \r\n                      <div class=\"block-cta-banner__description block-cta-banner__description--secondary\">\r\n              <p>K\u00fcldje el \u00f6n\u00e9letrajz\u00e1t az <a href=\"mailto:angajari@atlassport.ro\">angajari@atlassport.ro<\/a> c\u00edmre, a megp\u00e1ly\u00e1zni k\u00edv\u00e1nt \u00e1ll\u00e1s megnevez\u00e9s\u00e9vel a t\u00e1rgyban.<\/p>\n            <\/div>\r\n          \r\n        <\/div>\r\n      <\/div>\r\n    <\/div>\r\n  <\/div>\r\n<\/section>","protected":false},"excerpt":{"rendered":"<p> [&#8230;]<\/p>\n<p><a class=\"btn btn-secondary understrap-read-more-link\" href=\"https:\/\/www.atlassport.ro\/hu\/karrier\/\">Read More&#8230;<span class=\"screen-reader-text\"> from Karrier<\/span><\/a><\/p>\n","protected":false},"author":1,"featured_media":0,"parent":0,"menu_order":8,"comment_status":"closed","ping_status":"closed","template":"page-templates\/empty.php","meta":{"_acf_changed":false,"inline_featured_image":false,"footnotes":""},"service":[],"class_list":["post-51757","page","type-page","status-publish","hentry"],"acf":[],"_links":{"self":[{"href":"https:\/\/www.atlassport.ro\/hu\/wp-json\/wp\/v2\/pages\/51757","targetHints":{"allow":["GET"]}}],"collection":[{"href":"https:\/\/www.atlassport.ro\/hu\/wp-json\/wp\/v2\/pages"}],"about":[{"href":"https:\/\/www.atlassport.ro\/hu\/wp-json\/wp\/v2\/types\/page"}],"author":[{"embeddable":true,"href":"https:\/\/www.atlassport.ro\/hu\/wp-json\/wp\/v2\/users\/1"}],"replies":[{"embeddable":true,"href":"https:\/\/www.atlassport.ro\/hu\/wp-json\/wp\/v2\/comments?post=51757"}],"version-history":[{"count":1,"href":"https:\/\/www.atlassport.ro\/hu\/wp-json\/wp\/v2\/pages\/51757\/revisions"}],"predecessor-version":[{"id":51759,"href":"https:\/\/www.atlassport.ro\/hu\/wp-json\/wp\/v2\/pages\/51757\/revisions\/51759"}],"wp:attachment":[{"href":"https:\/\/www.atlassport.ro\/hu\/wp-json\/wp\/v2\/media?parent=51757"}],"wp:term":[{"taxonomy":"service","embeddable":true,"href":"https:\/\/www.atlassport.ro\/hu\/wp-json\/wp\/v2\/service?post=51757"}],"curies":[{"name":"wp","href":"https:\/\/api.w.org\/{rel}","templated":true}]}}