{"id":51917,"date":"2026-02-17T10:25:38","date_gmt":"2026-02-17T08:25:38","guid":{"rendered":"https:\/\/atlassp.mp2dev.reea.net\/szocialis-feleloseg\/"},"modified":"2026-02-17T13:11:51","modified_gmt":"2026-02-17T11:11:51","slug":"szocialis-feleloseg","status":"publish","type":"page","link":"https:\/\/www.atlassport.ro\/hu\/szocialis-feleloseg\/","title":{"rendered":"SZOCI\u00c1LIS FELEL\u0150S\u00c9G"},"content":{"rendered":"\r\n<section id=\"hero-secondary-block_e9ed8f482adc82fa4827191be7ca2321\" class=\"block-hero-secondary block-hero-secondary--alternate-overlay align\">\r\n\t<div class=\"block-hero-secondary__bg\">\r\n\t\t\t\t\t<img\r\n\t\t\t\tsrc=\"https:\/\/www.atlassport.ro\/wp-content\/uploads\/2026\/02\/49089564_2181311672134602_6078791201144700928_o.jpg\"\r\n\t\t\t\talt=\"\"\r\n\t\t\t\tclass=\"block-hero-secondary__image\"\r\n\t\t\t\tfetchpriority=\"high\"\r\n\t\t\t\tloading=\"eager\"\r\n\t\t\t\twidth=\"1920\"\r\n\t\t\t\theight=\"1080\"\r\n\t\t\t\/>\r\n\t\t\t\t<div class=\"block-hero-secondary__overlay\"><\/div>\r\n\t\t<div class=\"container-xxxl\">\r\n\t\t\t<div class=\"row justify-content-center\">\r\n\t\t\t\t<div class=\"col-lg-10 col-xl-8 col-xxl-6\">\r\n\t\t\t\t\t<div class=\"block-hero-secondary__content text-center\">\r\n\t\t\t\t\t\t\r\n\t\t\t\t\t\t\t\t\t\t\t\t\t<h1 class=\"block-hero-secondary__title text-white\">\r\n\t\t\t\t\t\t\t\tSZOCI\u00c1LIS FELEL\u0150S\u00c9G\t\t\t\t\t\t\t<\/h1>\r\n\t\t\t\t\t\t\r\n\t\t\t\t\t\t\t\t\t\t\t\t\t<div class=\"block-hero-secondary__description text-white-80\">\r\n\t\t\t\t\t\t\t\t<p>Az hissz\u00fck, hogy a k\u00f6r\u00fcl\u00f6tt\u00fcnk lev\u0151 t\u00e1rsadalom \u00e1llapota a m felel\u0151s\u00e9g\u00fcnk is.<br \/>Tudjuk, hogy ahhoz v\u00e1ltoz\u00e1s t\u00f6rt\u00e9njen egy j\u00f3 ir\u00e1nyba, akkor az t\u0151l\u00fcnk kezd\u0151dik. K\u00f6vetkez\u00e9sk\u00e9ppen a mi elk\u00f6telezetts\u00e9g\u00fcnk, hogy az \u00e9vi j\u00f6vedelm\u00fcnk 10%-\u00e1t a k\u00f6r\u00fcl\u00f6tt\u00fcnk lev\u0151 t\u00e1rsadalom seg\u00edts\u00e9g\u00e9re szolg\u00e1ljuk, \u00edgy egy jobb t\u00e1rsadalmat \u00e9p\u00edtve nek\u00fcnk \u00e9s a mi gyerekeinknek  <\/p>\n\t\t\t\t\t\t\t<\/div>\r\n\t\t\t\t\t\t\t\t\t\t\t<\/div>\r\n\t\t\t\t<\/div>\r\n\t\t\t<\/div>\r\n\t\t<\/div>\r\n\t<\/div>\r\n<\/section>\r\n\r\n<section id=\"featured-card-block_f30828d4a6605687af7264f9c7589beb\" class=\"block-featured-card align block-featured-card--light\">\r\n    <div class=\"container-xxxl\">\r\n        <div class=\"row justify-content-center\">\r\n            <div class=\"col-xl-10\">\r\n                <div class=\"block-featured-card__inner\">\r\n                                            <div class=\"block-featured-card__icon\">\r\n                            <img loading=\"lazy\" decoding=\"async\" src=\"https:\/\/www.atlassport.ro\/wp-content\/uploads\/2025\/12\/icon-users.svg\" alt=\"SZOCI\u00c1LIS AKTIVIT\u00c1SOK:\" width=\"80\" height=\"80\" title=\"\">\r\n                        <\/div>\r\n                    \r\n                                            <h3 class=\"block-featured-card__title\">\r\n                            SZOCI\u00c1LIS AKTIVIT\u00c1SOK:                        <\/h3>\r\n                    \r\n                                    <\/div>\r\n            <\/div>\r\n        <\/div>\r\n    <\/div>\r\n<\/section>\r\n\r\n<section id=\"content-custom-split-block_0689103188e46b1811fa674673fca3d8\" class=\"block-content-custom-split align\" data-no-default-bg>\r\n  <div class=\"container-xxxl\">\r\n    <div class=\"row justify-content-around\">\r\n      <!-- Left Column -->\r\n      <div class=\"col-lg-5 block-content-custom-split__left\">\r\n        \r\n        \r\n                  <div class=\"block-content-custom-split__description\">\r\n            <h3>Havonta t\u00e1mogatunk egy kereszt\u00e9ny alap\u00edtv\u00e1nyt Marosv\u00e1s\u00e1rhelyen.<\/h3>\n<p>&nbsp;<\/p>\n<p><img loading=\"lazy\" decoding=\"async\" class=\"alignnone size-full wp-image-51821\" src=\"http:\/\/www.atlassport.ro\/wp-content\/uploads\/2026\/02\/2.png\" alt=\"\" width=\"960\" height=\"373\" title=\"\" srcset=\"https:\/\/www.atlassport.ro\/wp-content\/uploads\/2026\/02\/2.png 960w, https:\/\/www.atlassport.ro\/wp-content\/uploads\/2026\/02\/2-300x117.png 300w, https:\/\/www.atlassport.ro\/wp-content\/uploads\/2026\/02\/2-768x298.png 768w\" sizes=\"auto, (max-width: 960px) 100vw, 960px\" \/><\/p>\n<p>&nbsp;<\/p>\n<h3>T\u00e1mogattunk egy speci\u00e1lis nevel\u00e9si ig\u00e9ny\u0171 gyermekeket oktat\u00f3 iskol\u00e1t R\u00e9genben.<\/h3>\n<p>Mosolyt csaltunk a gyerekek arc\u00e1ra a kar\u00e1csonyi csomagokkal, amelyeket nekik adtunk.<\/p>\n<p><img loading=\"lazy\" decoding=\"async\" class=\"alignnone wp-image-51827 size-full\" src=\"http:\/\/www.atlassport.ro\/wp-content\/uploads\/2026\/02\/3.png\" alt=\"\" width=\"1307\" height=\"383\" title=\"\" srcset=\"https:\/\/www.atlassport.ro\/wp-content\/uploads\/2026\/02\/3.png 1307w, https:\/\/www.atlassport.ro\/wp-content\/uploads\/2026\/02\/3-300x88.png 300w, https:\/\/www.atlassport.ro\/wp-content\/uploads\/2026\/02\/3-1024x300.png 1024w, https:\/\/www.atlassport.ro\/wp-content\/uploads\/2026\/02\/3-768x225.png 768w\" sizes=\"auto, (max-width: 1307px) 100vw, 1307px\" \/><\/p>\n<h3><\/h3>\n<h3>2018 december:<\/h3>\n<p>2018 december\u00e9ben az Atlas Sport \u00e9lelmiszercsomagokat osztott sz\u00e9t r\u00e1szorul\u00f3, becs\u00fcletes csal\u00e1doknak (aj\u00e1nl\u00e1sokat k\u00e9rt\u00fcnk, hogy seg\u00edts\u00e9g\u00fcnket val\u00f3ban r\u00e1szorul\u00f3, komoly emberekhez juttathassuk el, ne pedig lust\u00e1khoz). Ez egy rendk\u00edv\u00fcl sz\u00e9p, al\u00e1zatra tan\u00edt\u00f3 \u00e9lm\u00e9ny volt. Val\u00f3ban, jobb adni, mint kapni.  <\/p>\n<div id='gallery-1' class='gallery galleryid-51917 gallery-columns-5 gallery-size-thumbnail'><figure class='gallery-item'>\n\t\t\t<div class='gallery-icon portrait'>\n\t\t\t\t<a href='https:\/\/www.atlassport.ro\/wp-content\/uploads\/2026\/02\/48388356_2181311692134600_549366019836084224_n.jpg'><img loading=\"lazy\" decoding=\"async\" width=\"150\" height=\"150\" src=\"https:\/\/www.atlassport.ro\/wp-content\/uploads\/2026\/02\/48388356_2181311692134600_549366019836084224_n-150x150.jpg\" class=\"attachment-thumbnail size-thumbnail\" alt=\"\" title=\"\"><\/a>\n\t\t\t<\/div><\/figure><figure class='gallery-item'>\n\t\t\t<div class='gallery-icon portrait'>\n\t\t\t\t<a href='https:\/\/www.atlassport.ro\/wp-content\/uploads\/2026\/02\/48363152_2181311698801266_2130174045033857024_n.jpg'><img loading=\"lazy\" decoding=\"async\" width=\"150\" height=\"150\" src=\"https:\/\/www.atlassport.ro\/wp-content\/uploads\/2026\/02\/48363152_2181311698801266_2130174045033857024_n-150x150.jpg\" class=\"attachment-thumbnail size-thumbnail\" alt=\"\" title=\"\"><\/a>\n\t\t\t<\/div><\/figure><figure class='gallery-item'>\n\t\t\t<div class='gallery-icon portrait'>\n\t\t\t\t<a href='https:\/\/www.atlassport.ro\/wp-content\/uploads\/2026\/02\/48987525_2181311665467936_8433447677613572096_n.jpg'><img loading=\"lazy\" decoding=\"async\" width=\"150\" height=\"150\" src=\"https:\/\/www.atlassport.ro\/wp-content\/uploads\/2026\/02\/48987525_2181311665467936_8433447677613572096_n-150x150.jpg\" class=\"attachment-thumbnail size-thumbnail\" alt=\"\" title=\"\"><\/a>\n\t\t\t<\/div><\/figure><figure class='gallery-item'>\n\t\t\t<div class='gallery-icon landscape'>\n\t\t\t\t<a href='https:\/\/www.atlassport.ro\/wp-content\/uploads\/2026\/02\/49089564_2181311672134602_6078791201144700928_o.jpg'><img loading=\"lazy\" decoding=\"async\" width=\"150\" height=\"150\" src=\"https:\/\/www.atlassport.ro\/wp-content\/uploads\/2026\/02\/49089564_2181311672134602_6078791201144700928_o-150x150.jpg\" class=\"attachment-thumbnail size-thumbnail\" alt=\"\" title=\"\"><\/a>\n\t\t\t<\/div><\/figure>\n\t\t<\/div>\n\n<h3><\/h3>\n<h3>2017 december:<\/h3>\n<p>december\u00e9ben az Atlas Sport TESA munkat\u00e1rsai \u00f6sszefogtak, \u00e9s humanit\u00e1rius, valamint szoci\u00e1lis eseteket kerestek. T\u00f6bb \u00e9lelmiszercsomagot k\u00e9sz\u00edtett\u00fcnk, amelyeket k\u00e9s\u0151bb ezeknek a r\u00e1szorul\u00f3, becs\u00fcletes csal\u00e1doknak osztottunk ki. Ez egy al\u00e1zatra tan\u00edt\u00f3 \u00e9lm\u00e9ny volt, amely r\u00e1\u00e9bresztett minket arra, hogy \u00e9rt\u00e9kelj\u00fck, amink van, \u00e9s az embereket a k\u00f6rnyezet\u00fcnkben. Val\u00f3ban, boldogabb adni, mint kapni.   <\/p>\n<div id='gallery-2' class='gallery galleryid-51917 gallery-columns-5 gallery-size-thumbnail'><figure class='gallery-item'>\n\t\t\t<div class='gallery-icon landscape'>\n\t\t\t\t<a href='https:\/\/www.atlassport.ro\/wp-content\/uploads\/2026\/02\/WhatsApp-Image-2019-02-18-at-08.50.10-2.jpeg'><img loading=\"lazy\" decoding=\"async\" width=\"150\" height=\"150\" src=\"https:\/\/www.atlassport.ro\/wp-content\/uploads\/2026\/02\/WhatsApp-Image-2019-02-18-at-08.50.10-2-150x150.jpeg\" class=\"attachment-thumbnail size-thumbnail\" alt=\"\" title=\"\"><\/a>\n\t\t\t<\/div><\/figure><figure class='gallery-item'>\n\t\t\t<div class='gallery-icon landscape'>\n\t\t\t\t<a href='https:\/\/www.atlassport.ro\/wp-content\/uploads\/2026\/02\/WhatsApp-Image-2019-02-18-at-08.50.10-1.jpeg'><img loading=\"lazy\" decoding=\"async\" width=\"150\" height=\"150\" src=\"https:\/\/www.atlassport.ro\/wp-content\/uploads\/2026\/02\/WhatsApp-Image-2019-02-18-at-08.50.10-1-150x150.jpeg\" class=\"attachment-thumbnail size-thumbnail\" alt=\"\" title=\"\"><\/a>\n\t\t\t<\/div><\/figure><figure class='gallery-item'>\n\t\t\t<div class='gallery-icon landscape'>\n\t\t\t\t<a href='https:\/\/www.atlassport.ro\/wp-content\/uploads\/2026\/02\/WhatsApp-Image-2019-02-18-at-08.50.10.jpeg'><img loading=\"lazy\" decoding=\"async\" width=\"150\" height=\"150\" src=\"https:\/\/www.atlassport.ro\/wp-content\/uploads\/2026\/02\/WhatsApp-Image-2019-02-18-at-08.50.10-150x150.jpeg\" class=\"attachment-thumbnail size-thumbnail\" alt=\"\" title=\"\"><\/a>\n\t\t\t<\/div><\/figure><figure class='gallery-item'>\n\t\t\t<div class='gallery-icon landscape'>\n\t\t\t\t<a href='https:\/\/www.atlassport.ro\/wp-content\/uploads\/2026\/02\/WhatsApp-Image-2019-02-18-at-08.50.10-3.jpeg'><img loading=\"lazy\" decoding=\"async\" width=\"150\" height=\"150\" src=\"https:\/\/www.atlassport.ro\/wp-content\/uploads\/2026\/02\/WhatsApp-Image-2019-02-18-at-08.50.10-3-150x150.jpeg\" class=\"attachment-thumbnail size-thumbnail\" alt=\"\" title=\"\"><\/a>\n\t\t\t<\/div><\/figure><figure class='gallery-item'>\n\t\t\t<div class='gallery-icon landscape'>\n\t\t\t\t<a href='https:\/\/www.atlassport.ro\/wp-content\/uploads\/2026\/02\/WhatsApp-Image-2019-02-18-at-08.50.11.jpeg'><img loading=\"lazy\" decoding=\"async\" width=\"150\" height=\"150\" src=\"https:\/\/www.atlassport.ro\/wp-content\/uploads\/2026\/02\/WhatsApp-Image-2019-02-18-at-08.50.11-150x150.jpeg\" class=\"attachment-thumbnail size-thumbnail\" alt=\"\" title=\"\"><\/a>\n\t\t\t<\/div><\/figure>\n\t\t<\/div>\n\n<h3><\/h3>\n<h3>2015 december<\/h3>\n<p>2015 december\u00e9ben az Atlas Sport TESA csapata elment bev\u00e1s\u00e1rolni. T\u00f6bb \u00e9lelmiszercsomagot k\u00e9sz\u00edtett\u00fcnk, amelyeket k\u00e9s\u0151bb r\u00e1szorul\u00f3, becs\u00fcletes csal\u00e1doknak osztottunk ki (aj\u00e1nl\u00e1sokat k\u00e9rt\u00fcnk, hogy seg\u00edts\u00e9g\u00fcnket val\u00f3ban r\u00e1szorul\u00f3, komoly emberekhez juttathassuk el, ne pedig lust\u00e1khoz). Ez egy rendk\u00edv\u00fcl sz\u00e9p, al\u00e1zatra tan\u00edt\u00f3 \u00e9lm\u00e9ny volt. Val\u00f3ban, jobb adni, mint kapni.   <\/p>\n<div id='gallery-3' class='gallery galleryid-51917 gallery-columns-5 gallery-size-thumbnail'><figure class='gallery-item'>\n\t\t\t<div class='gallery-icon landscape'>\n\t\t\t\t<a href='https:\/\/www.atlassport.ro\/wp-content\/uploads\/2026\/02\/2015-12-29-12.08.50.jpg'><img loading=\"lazy\" decoding=\"async\" width=\"150\" height=\"150\" src=\"https:\/\/www.atlassport.ro\/wp-content\/uploads\/2026\/02\/2015-12-29-12.08.50-150x150.jpg\" class=\"attachment-thumbnail size-thumbnail\" alt=\"\" title=\"\"><\/a>\n\t\t\t<\/div><\/figure><figure class='gallery-item'>\n\t\t\t<div class='gallery-icon landscape'>\n\t\t\t\t<a href='https:\/\/www.atlassport.ro\/wp-content\/uploads\/2026\/02\/2015-12-29-12.08.51.jpg'><img loading=\"lazy\" decoding=\"async\" width=\"150\" height=\"150\" src=\"https:\/\/www.atlassport.ro\/wp-content\/uploads\/2026\/02\/2015-12-29-12.08.51-150x150.jpg\" class=\"attachment-thumbnail size-thumbnail\" alt=\"\" title=\"\"><\/a>\n\t\t\t<\/div><\/figure><figure class='gallery-item'>\n\t\t\t<div class='gallery-icon landscape'>\n\t\t\t\t<a href='https:\/\/www.atlassport.ro\/wp-content\/uploads\/2026\/02\/2015-12-29-13.44.31.jpg'><img loading=\"lazy\" decoding=\"async\" width=\"150\" height=\"150\" src=\"https:\/\/www.atlassport.ro\/wp-content\/uploads\/2026\/02\/2015-12-29-13.44.31-150x150.jpg\" class=\"attachment-thumbnail size-thumbnail\" alt=\"\" title=\"\"><\/a>\n\t\t\t<\/div><\/figure><figure class='gallery-item'>\n\t\t\t<div class='gallery-icon landscape'>\n\t\t\t\t<a href='https:\/\/www.atlassport.ro\/wp-content\/uploads\/2026\/02\/2015-12-29-13.45.19.jpg'><img loading=\"lazy\" decoding=\"async\" width=\"150\" height=\"150\" src=\"https:\/\/www.atlassport.ro\/wp-content\/uploads\/2026\/02\/2015-12-29-13.45.19-150x150.jpg\" class=\"attachment-thumbnail size-thumbnail\" alt=\"\" title=\"\"><\/a>\n\t\t\t<\/div><\/figure><figure class='gallery-item'>\n\t\t\t<div class='gallery-icon landscape'>\n\t\t\t\t<a href='https:\/\/www.atlassport.ro\/wp-content\/uploads\/2026\/02\/2015-12-29-13.49.41.jpg'><img loading=\"lazy\" decoding=\"async\" width=\"150\" height=\"150\" src=\"https:\/\/www.atlassport.ro\/wp-content\/uploads\/2026\/02\/2015-12-29-13.49.41-150x150.jpg\" class=\"attachment-thumbnail size-thumbnail\" alt=\"\" title=\"\"><\/a>\n\t\t\t<\/div><\/figure><figure class='gallery-item'>\n\t\t\t<div class='gallery-icon landscape'>\n\t\t\t\t<a href='https:\/\/www.atlassport.ro\/wp-content\/uploads\/2026\/02\/2015-12-29-13.53.50.jpg'><img loading=\"lazy\" decoding=\"async\" width=\"150\" height=\"150\" src=\"https:\/\/www.atlassport.ro\/wp-content\/uploads\/2026\/02\/2015-12-29-13.53.50-150x150.jpg\" class=\"attachment-thumbnail size-thumbnail\" alt=\"\" title=\"\"><\/a>\n\t\t\t<\/div><\/figure><figure class='gallery-item'>\n\t\t\t<div class='gallery-icon landscape'>\n\t\t\t\t<a href='https:\/\/www.atlassport.ro\/wp-content\/uploads\/2026\/02\/2015-12-29-14.01.06.jpg'><img loading=\"lazy\" decoding=\"async\" width=\"150\" height=\"150\" src=\"https:\/\/www.atlassport.ro\/wp-content\/uploads\/2026\/02\/2015-12-29-14.01.06-150x150.jpg\" class=\"attachment-thumbnail size-thumbnail\" alt=\"\" title=\"\"><\/a>\n\t\t\t<\/div><\/figure><figure class='gallery-item'>\n\t\t\t<div class='gallery-icon landscape'>\n\t\t\t\t<a href='https:\/\/www.atlassport.ro\/wp-content\/uploads\/2026\/02\/2015-12-29-14.13.01.jpg'><img loading=\"lazy\" decoding=\"async\" width=\"150\" height=\"150\" src=\"https:\/\/www.atlassport.ro\/wp-content\/uploads\/2026\/02\/2015-12-29-14.13.01-150x150.jpg\" class=\"attachment-thumbnail size-thumbnail\" alt=\"\" title=\"\"><\/a>\n\t\t\t<\/div><\/figure><figure class='gallery-item'>\n\t\t\t<div class='gallery-icon landscape'>\n\t\t\t\t<a href='https:\/\/www.atlassport.ro\/wp-content\/uploads\/2026\/02\/2015-12-29-14.13.28.jpg'><img loading=\"lazy\" decoding=\"async\" width=\"150\" height=\"150\" src=\"https:\/\/www.atlassport.ro\/wp-content\/uploads\/2026\/02\/2015-12-29-14.13.28-150x150.jpg\" class=\"attachment-thumbnail size-thumbnail\" alt=\"\" title=\"\"><\/a>\n\t\t\t<\/div><\/figure><figure class='gallery-item'>\n\t\t\t<div class='gallery-icon landscape'>\n\t\t\t\t<a href='https:\/\/www.atlassport.ro\/wp-content\/uploads\/2026\/02\/2015-12-29-14.34.28.jpg'><img loading=\"lazy\" decoding=\"async\" width=\"150\" height=\"150\" src=\"https:\/\/www.atlassport.ro\/wp-content\/uploads\/2026\/02\/2015-12-29-14.34.28-150x150.jpg\" class=\"attachment-thumbnail size-thumbnail\" alt=\"\" title=\"\"><\/a>\n\t\t\t<\/div><\/figure><figure class='gallery-item'>\n\t\t\t<div class='gallery-icon landscape'>\n\t\t\t\t<a href='https:\/\/www.atlassport.ro\/wp-content\/uploads\/2026\/02\/2015-12-29-14.54.07.jpg'><img loading=\"lazy\" decoding=\"async\" width=\"150\" height=\"150\" src=\"https:\/\/www.atlassport.ro\/wp-content\/uploads\/2026\/02\/2015-12-29-14.54.07-150x150.jpg\" class=\"attachment-thumbnail size-thumbnail\" alt=\"\" title=\"\"><\/a>\n\t\t\t<\/div><\/figure>\n\t\t<\/div>\n\n<p>&nbsp;<\/p>\n          <\/div>\r\n        \r\n              <\/div>\r\n\r\n      <!-- Right Column -->\r\n      <div class=\"col-lg-5 block-content-custom-split__right\">\r\n        \r\n        <!-- Bottom Content -->\r\n        <div class=\"block-content-custom-split__bottom-content\">\r\n          \r\n          \r\n                      <div class=\"block-content-custom-split__bottom-description\">\r\n              <h3>Gyermekeket t\u00e1mogatunk Afrik\u00e1ban \u00e9s \u00c1zsi\u00e1ban.<\/h3>\n<p>Havonta 10 afrikai \u00e9s \u00e1zsiai gyermeket t\u00e1mogattunk a Compassion szervezeten kereszt\u00fcl.<\/p>\n<p><img loading=\"lazy\" decoding=\"async\" class=\"alignnone size-full wp-image-51813\" src=\"http:\/\/www.atlassport.ro\/wp-content\/uploads\/2026\/02\/Picture1.jpg\" alt=\"\" width=\"856\" height=\"369\" title=\"\" srcset=\"https:\/\/www.atlassport.ro\/wp-content\/uploads\/2026\/02\/Picture1.jpg 856w, https:\/\/www.atlassport.ro\/wp-content\/uploads\/2026\/02\/Picture1-300x129.jpg 300w, https:\/\/www.atlassport.ro\/wp-content\/uploads\/2026\/02\/Picture1-768x331.jpg 768w\" sizes=\"auto, (max-width: 856px) 100vw, 856px\" \/><\/p>\n<p>&nbsp;<\/p>\n<h3>T\u00e1mogatjuk az afrikai k\u00f6z\u00f6ss\u00e9geket:<\/h3>\n<p>Egy afrikai k\u00f6z\u00f6ss\u00e9g, amely legal\u00e1bb 5000 feln\u0151ttb\u0151l \u00e9s 2000 gyerekb\u0151l \u00e1ll, ezent\u00fal hozz\u00e1f\u00e9rhet tiszta v\u00edzhez. Az Atlas Sport sz\u00e1m\u00e1ra megtiszteltet\u00e9s volt hozz\u00e1j\u00e1rulni \u00f6r\u00f6m\u00fckh\u00f6z. <\/p>\n<p>Igen, t\u00f6r\u0151d\u00fcnk vele!<\/p>\n<div id='gallery-4' class='gallery galleryid-51917 gallery-columns-5 gallery-size-thumbnail'><figure class='gallery-item'>\n\t\t\t<div class='gallery-icon landscape'>\n\t\t\t\t<a href='https:\/\/www.atlassport.ro\/wp-content\/uploads\/2026\/02\/africa14.jpg'><img loading=\"lazy\" decoding=\"async\" width=\"150\" height=\"150\" src=\"https:\/\/www.atlassport.ro\/wp-content\/uploads\/2026\/02\/africa14-150x150.jpg\" class=\"attachment-thumbnail size-thumbnail\" alt=\"\" title=\"\"><\/a>\n\t\t\t<\/div><\/figure><figure class='gallery-item'>\n\t\t\t<div class='gallery-icon portrait'>\n\t\t\t\t<a href='https:\/\/www.atlassport.ro\/wp-content\/uploads\/2026\/02\/africa12.jpg'><img loading=\"lazy\" decoding=\"async\" width=\"150\" height=\"150\" src=\"https:\/\/www.atlassport.ro\/wp-content\/uploads\/2026\/02\/africa12-150x150.jpg\" class=\"attachment-thumbnail size-thumbnail\" alt=\"\" title=\"\"><\/a>\n\t\t\t<\/div><\/figure><figure class='gallery-item'>\n\t\t\t<div class='gallery-icon landscape'>\n\t\t\t\t<a href='https:\/\/www.atlassport.ro\/wp-content\/uploads\/2026\/02\/africa11.jpg'><img loading=\"lazy\" decoding=\"async\" width=\"150\" height=\"150\" src=\"https:\/\/www.atlassport.ro\/wp-content\/uploads\/2026\/02\/africa11-150x150.jpg\" class=\"attachment-thumbnail size-thumbnail\" alt=\"\" title=\"\"><\/a>\n\t\t\t<\/div><\/figure><figure class='gallery-item'>\n\t\t\t<div class='gallery-icon landscape'>\n\t\t\t\t<a href='https:\/\/www.atlassport.ro\/wp-content\/uploads\/2026\/02\/africa10.jpg'><img loading=\"lazy\" decoding=\"async\" width=\"150\" height=\"150\" src=\"https:\/\/www.atlassport.ro\/wp-content\/uploads\/2026\/02\/africa10-150x150.jpg\" class=\"attachment-thumbnail size-thumbnail\" alt=\"\" title=\"\"><\/a>\n\t\t\t<\/div><\/figure><figure class='gallery-item'>\n\t\t\t<div class='gallery-icon landscape'>\n\t\t\t\t<a href='https:\/\/www.atlassport.ro\/wp-content\/uploads\/2026\/02\/africa8.jpg'><img loading=\"lazy\" decoding=\"async\" width=\"150\" height=\"150\" src=\"https:\/\/www.atlassport.ro\/wp-content\/uploads\/2026\/02\/africa8-150x150.jpg\" class=\"attachment-thumbnail size-thumbnail\" alt=\"\" title=\"\"><\/a>\n\t\t\t<\/div><\/figure><figure class='gallery-item'>\n\t\t\t<div class='gallery-icon landscape'>\n\t\t\t\t<a href='https:\/\/www.atlassport.ro\/wp-content\/uploads\/2026\/02\/africa7.jpg'><img loading=\"lazy\" decoding=\"async\" width=\"150\" height=\"150\" src=\"https:\/\/www.atlassport.ro\/wp-content\/uploads\/2026\/02\/africa7-150x150.jpg\" class=\"attachment-thumbnail size-thumbnail\" alt=\"\" title=\"\"><\/a>\n\t\t\t<\/div><\/figure><figure class='gallery-item'>\n\t\t\t<div class='gallery-icon landscape'>\n\t\t\t\t<a href='https:\/\/www.atlassport.ro\/wp-content\/uploads\/2026\/02\/africa6.jpg'><img loading=\"lazy\" decoding=\"async\" width=\"150\" height=\"150\" src=\"https:\/\/www.atlassport.ro\/wp-content\/uploads\/2026\/02\/africa6-150x150.jpg\" class=\"attachment-thumbnail size-thumbnail\" alt=\"\" title=\"\"><\/a>\n\t\t\t<\/div><\/figure><figure class='gallery-item'>\n\t\t\t<div class='gallery-icon landscape'>\n\t\t\t\t<a href='https:\/\/www.atlassport.ro\/wp-content\/uploads\/2026\/02\/africa5.jpg'><img loading=\"lazy\" decoding=\"async\" width=\"150\" height=\"150\" src=\"https:\/\/www.atlassport.ro\/wp-content\/uploads\/2026\/02\/africa5-150x150.jpg\" class=\"attachment-thumbnail size-thumbnail\" alt=\"\" title=\"\"><\/a>\n\t\t\t<\/div><\/figure><figure class='gallery-item'>\n\t\t\t<div class='gallery-icon landscape'>\n\t\t\t\t<a href='https:\/\/www.atlassport.ro\/wp-content\/uploads\/2026\/02\/africa4.jpg'><img loading=\"lazy\" decoding=\"async\" width=\"150\" height=\"150\" src=\"https:\/\/www.atlassport.ro\/wp-content\/uploads\/2026\/02\/africa4-150x150.jpg\" class=\"attachment-thumbnail size-thumbnail\" alt=\"\" title=\"\"><\/a>\n\t\t\t<\/div><\/figure><figure class='gallery-item'>\n\t\t\t<div class='gallery-icon portrait'>\n\t\t\t\t<a href='https:\/\/www.atlassport.ro\/wp-content\/uploads\/2026\/02\/africa3.jpg'><img loading=\"lazy\" decoding=\"async\" width=\"150\" height=\"150\" src=\"https:\/\/www.atlassport.ro\/wp-content\/uploads\/2026\/02\/africa3-150x150.jpg\" class=\"attachment-thumbnail size-thumbnail\" alt=\"\" title=\"\"><\/a>\n\t\t\t<\/div><\/figure><figure class='gallery-item'>\n\t\t\t<div class='gallery-icon landscape'>\n\t\t\t\t<a href='https:\/\/www.atlassport.ro\/wp-content\/uploads\/2026\/02\/africa-1.jpg'><img loading=\"lazy\" decoding=\"async\" width=\"150\" height=\"150\" src=\"https:\/\/www.atlassport.ro\/wp-content\/uploads\/2026\/02\/africa-1-150x150.jpg\" class=\"attachment-thumbnail size-thumbnail\" alt=\"\" title=\"\"><\/a>\n\t\t\t<\/div><\/figure><figure class='gallery-item'>\n\t\t\t<div class='gallery-icon landscape'>\n\t\t\t\t<a href='https:\/\/www.atlassport.ro\/wp-content\/uploads\/2026\/02\/africa15.jpg'><img loading=\"lazy\" decoding=\"async\" width=\"150\" height=\"150\" src=\"https:\/\/www.atlassport.ro\/wp-content\/uploads\/2026\/02\/africa15-150x150.jpg\" class=\"attachment-thumbnail size-thumbnail\" alt=\"\" title=\"\"><\/a>\n\t\t\t<\/div><\/figure>\n\t\t<\/div>\n\n<h3>T\u00e1mogatunk egy iskol\u00e1t Indi\u00e1ban:<\/h3>\n<p>Amiatt a t\u00e1mogat\u00e1s miatt, amit ennek az iskol\u00e1nak ny\u00fajtunk, a gyerekek hozz\u00e1f\u00e9rhetnek az oktat\u00e1shoz, \u00e9telhez, egyenruh\u00e1khoz \u00e9s iskolai felszerel\u00e9sekhez. Minden oszt\u00e1ly, amely elv\u00e9gzi az iskol\u00e1t, nagyobb es\u00e9llyel indul egy jobb j\u00f6v\u0151 fel\u00e9. Jelenleg 120, 4\u201314 \u00e9ves gyermek \u00e9lvezi az iskol\u00e1ba j\u00e1r\u00e1s \u00f6r\u00f6m\u00e9t.  <\/p>\n<div id='gallery-5' class='gallery galleryid-51917 gallery-columns-5 gallery-size-thumbnail'><figure class='gallery-item'>\n\t\t\t<div class='gallery-icon landscape'>\n\t\t\t\t<a href='https:\/\/www.atlassport.ro\/wp-content\/uploads\/2026\/02\/6.png'><img loading=\"lazy\" decoding=\"async\" width=\"150\" height=\"150\" src=\"https:\/\/www.atlassport.ro\/wp-content\/uploads\/2026\/02\/6-150x150.png\" class=\"attachment-thumbnail size-thumbnail\" alt=\"\" title=\"\"><\/a>\n\t\t\t<\/div><\/figure><figure class='gallery-item'>\n\t\t\t<div class='gallery-icon portrait'>\n\t\t\t\t<a href='https:\/\/www.atlassport.ro\/wp-content\/uploads\/2026\/02\/4.png'><img loading=\"lazy\" decoding=\"async\" width=\"150\" height=\"150\" src=\"https:\/\/www.atlassport.ro\/wp-content\/uploads\/2026\/02\/4-150x150.png\" class=\"attachment-thumbnail size-thumbnail\" alt=\"\" title=\"\"><\/a>\n\t\t\t<\/div><\/figure><figure class='gallery-item'>\n\t\t\t<div class='gallery-icon landscape'>\n\t\t\t\t<a href='https:\/\/www.atlassport.ro\/wp-content\/uploads\/2026\/02\/1.png'><img loading=\"lazy\" decoding=\"async\" width=\"150\" height=\"150\" src=\"https:\/\/www.atlassport.ro\/wp-content\/uploads\/2026\/02\/1-150x150.png\" class=\"attachment-thumbnail size-thumbnail\" alt=\"\" title=\"\"><\/a>\n\t\t\t<\/div><\/figure><figure class='gallery-item'>\n\t\t\t<div class='gallery-icon landscape'>\n\t\t\t\t<a href='https:\/\/www.atlassport.ro\/wp-content\/uploads\/2026\/02\/WhatsApp-Image-2019-02-18-at-08.52.22.jpeg'><img loading=\"lazy\" decoding=\"async\" width=\"150\" height=\"150\" src=\"https:\/\/www.atlassport.ro\/wp-content\/uploads\/2026\/02\/WhatsApp-Image-2019-02-18-at-08.52.22-150x150.jpeg\" class=\"attachment-thumbnail size-thumbnail\" alt=\"\" title=\"\"><\/a>\n\t\t\t<\/div><\/figure>\n\t\t<\/div>\n\n            <\/div>\r\n                  <\/div>\r\n      <\/div>\r\n    <\/div>\r\n  <\/div>\r\n<\/section>","protected":false},"excerpt":{"rendered":"<p> [&#8230;]<\/p>\n<p><a class=\"btn btn-secondary understrap-read-more-link\" href=\"https:\/\/www.atlassport.ro\/hu\/szocialis-feleloseg\/\">Read More&#8230;<span class=\"screen-reader-text\"> from SZOCI\u00c1LIS FELEL\u0150S\u00c9G<\/span><\/a><\/p>\n","protected":false},"author":1,"featured_media":0,"parent":0,"menu_order":6,"comment_status":"closed","ping_status":"closed","template":"page-templates\/empty.php","meta":{"_acf_changed":false,"inline_featured_image":false,"footnotes":""},"service":[],"class_list":["post-51917","page","type-page","status-publish","hentry"],"acf":[],"_links":{"self":[{"href":"https:\/\/www.atlassport.ro\/hu\/wp-json\/wp\/v2\/pages\/51917","targetHints":{"allow":["GET"]}}],"collection":[{"href":"https:\/\/www.atlassport.ro\/hu\/wp-json\/wp\/v2\/pages"}],"about":[{"href":"https:\/\/www.atlassport.ro\/hu\/wp-json\/wp\/v2\/types\/page"}],"author":[{"embeddable":true,"href":"https:\/\/www.atlassport.ro\/hu\/wp-json\/wp\/v2\/users\/1"}],"replies":[{"embeddable":true,"href":"https:\/\/www.atlassport.ro\/hu\/wp-json\/wp\/v2\/comments?post=51917"}],"version-history":[{"count":1,"href":"https:\/\/www.atlassport.ro\/hu\/wp-json\/wp\/v2\/pages\/51917\/revisions"}],"predecessor-version":[{"id":51957,"href":"https:\/\/www.atlassport.ro\/hu\/wp-json\/wp\/v2\/pages\/51917\/revisions\/51957"}],"wp:attachment":[{"href":"https:\/\/www.atlassport.ro\/hu\/wp-json\/wp\/v2\/media?parent=51917"}],"wp:term":[{"taxonomy":"service","embeddable":true,"href":"https:\/\/www.atlassport.ro\/hu\/wp-json\/wp\/v2\/service?post=51917"}],"curies":[{"name":"wp","href":"https:\/\/api.w.org\/{rel}","templated":true}]}}