{"id":54011,"date":"2026-02-19T13:15:10","date_gmt":"2026-02-19T11:15:10","guid":{"rendered":"https:\/\/www.atlassport.ro\/projektek-attekintese\/"},"modified":"2026-02-19T13:20:48","modified_gmt":"2026-02-19T11:20:48","slug":"projektek-attekintese","status":"publish","type":"page","link":"https:\/\/www.atlassport.ro\/hu\/projektek-attekintese\/","title":{"rendered":"Projektek \u00e1ttekint\u00e9se"},"content":{"rendered":"\n<p>A 20 \u00e9ves tev\u00e9kenys\u00e9g\u00fcnk sor\u00e1n \u00f6r\u00f6mmel val\u00f3s\u00edtottunk meg sz\u00e1mos sportprojekttel k\u00fcl\u00f6nleges \u00fcgyfelek sz\u00e1m\u00e1ra: multinacion\u00e1lis v\u00e1llalatok, miniszt\u00e9riumok, jelent\u0151s v\u00e1rosh\u00e1z\u00e1k, egyetemek, k\u00f6z\u00e9piskol\u00e1k, iskol\u00e1k, v\u00e1llalkoz\u00f3k, befektet\u0151k \u00e9s mag\u00e1nszem\u00e9lyek, akik szenved\u00e9lyesen rajonganak a sport\u00e9rt \u2013 mindannyian minket v\u00e1lasztottak, hogy megval\u00f3s\u00edtsuk Rom\u00e1nia legjobb \u00e9s legk\u00fcl\u00f6nlegesebb sportl\u00e9tes\u00edtm\u00e9nyeit.<\/p>\n\n<p>Megvan a sz\u00fcks\u00e9ges tapasztalatunk, \u00e9s nyitottak vagyunk b\u00e1rmilyen sportl\u00e9tes\u00edtm\u00e9ny tervez\u00e9si \u00e9s kivitelez\u00e9si felk\u00e9r\u00e9sre Rom\u00e1nia \u00e9s Eur\u00f3pa ter\u00fclet\u00e9n.<\/p>\n","protected":false},"excerpt":{"rendered":"<p>A 20 \u00e9ves tev\u00e9kenys\u00e9g\u00fcnk sor\u00e1n \u00f6r\u00f6mmel val\u00f3s\u00edtottunk meg sz\u00e1mos sportprojekttel k\u00fcl\u00f6nleges \u00fcgyfelek sz\u00e1m\u00e1ra: multinacion\u00e1lis v\u00e1llalatok, miniszt\u00e9riumok, jelent\u0151s v\u00e1rosh\u00e1z\u00e1k, egyetemek, k\u00f6z\u00e9piskol\u00e1k, iskol\u00e1k, v\u00e1llalkoz\u00f3k, befektet\u0151k \u00e9s mag\u00e1nszem\u00e9lyek, akik szenved\u00e9lyesen rajonganak a sport\u00e9rt \u2013 mindannyian minket v\u00e1lasztottak, hogy megval\u00f3s\u00edtsuk Rom\u00e1nia legjobb \u00e9s legk\u00fcl\u00f6nlegesebb sportl\u00e9tes\u00edtm\u00e9nyeit. Megvan a sz\u00fcks\u00e9ges tapasztalatunk, \u00e9s nyitottak vagyunk b\u00e1rmilyen sportl\u00e9tes\u00edtm\u00e9ny tervez\u00e9si \u00e9s kivitelez\u00e9si felk\u00e9r\u00e9sre Rom\u00e1nia [&#8230;]<\/p>\n<p><a class=\"btn btn-secondary understrap-read-more-link\" href=\"https:\/\/www.atlassport.ro\/hu\/projektek-attekintese\/\">Read More&#8230;<span class=\"screen-reader-text\"> from Projektek \u00e1ttekint\u00e9se<\/span><\/a><\/p>\n","protected":false},"author":1,"featured_media":0,"parent":0,"menu_order":2,"comment_status":"closed","ping_status":"closed","template":"page-templates\/page-custom-map.php","meta":{"_acf_changed":false,"inline_featured_image":false,"footnotes":""},"service":[],"class_list":["post-54011","page","type-page","status-publish","hentry"],"acf":[],"_links":{"self":[{"href":"https:\/\/www.atlassport.ro\/hu\/wp-json\/wp\/v2\/pages\/54011","targetHints":{"allow":["GET"]}}],"collection":[{"href":"https:\/\/www.atlassport.ro\/hu\/wp-json\/wp\/v2\/pages"}],"about":[{"href":"https:\/\/www.atlassport.ro\/hu\/wp-json\/wp\/v2\/types\/page"}],"author":[{"embeddable":true,"href":"https:\/\/www.atlassport.ro\/hu\/wp-json\/wp\/v2\/users\/1"}],"replies":[{"embeddable":true,"href":"https:\/\/www.atlassport.ro\/hu\/wp-json\/wp\/v2\/comments?post=54011"}],"version-history":[{"count":1,"href":"https:\/\/www.atlassport.ro\/hu\/wp-json\/wp\/v2\/pages\/54011\/revisions"}],"predecessor-version":[{"id":54012,"href":"https:\/\/www.atlassport.ro\/hu\/wp-json\/wp\/v2\/pages\/54011\/revisions\/54012"}],"wp:attachment":[{"href":"https:\/\/www.atlassport.ro\/hu\/wp-json\/wp\/v2\/media?parent=54011"}],"wp:term":[{"taxonomy":"service","embeddable":true,"href":"https:\/\/www.atlassport.ro\/hu\/wp-json\/wp\/v2\/service?post=54011"}],"curies":[{"name":"wp","href":"https:\/\/api.w.org\/{rel}","templated":true}]}}